{"id":1255,"date":"2023-10-24T12:48:54","date_gmt":"2023-10-24T10:48:54","guid":{"rendered":"https:\/\/shop.caravaning-esguard.com\/product-category\/sample-product\/remolque-motos-iii-sprint-522-knott\/"},"modified":"2025-11-27T10:44:05","modified_gmt":"2025-11-27T09:44:05","slug":"remolc-de-motocicleta-iii-sprint-522-knott","status":"publish","type":"product","link":"https:\/\/shop.caravaning-esguard.com\/ca\/product-category\/sample-product\/remolque-motos-iii-sprint-522-knott\/","title":{"rendered":"REMOLC PER A MOTOCICLETA KNOTT III SPRINT 522"},"content":{"rendered":"<p>Remolc per transportar 1, 2 o 3 motocicletes. Disposa de 3 portabicicletes.<br \/>\nCaracter\u00edstiques:<br \/>\nTotalment galvanitzat<br \/>\nAnelles i barres laterals per subjectar correctament la motocicleta.<br \/>\nSignifica emmagatzemar-ho en posici\u00f3 vertical.<br \/>\nSuport de rampa.<br \/>\nUna pin\u00e7a per subjectar la roda davantera de la motocicleta.<br \/>\nPes m\u00ednim per a la m\u00e0xima lleugeresa, combinat amb la m\u00e0xima resist\u00e8ncia.<br \/>\nDissenyat per a la conducci\u00f3 a alta velocitat en tot tipus de carreteres<br \/>\nDimensions totals:<br \/>\nDimensions de la caixa:<br \/>\nEix:<br \/>\nRodes:<br \/>\nTara:<br \/>\nMaterial: Totalment galvanitzat<br \/>\nLan\u00e7a: forma de V galvanitzada<br \/>\nHoquei en l\u00ednia: opcional<br \/>\nFren: No disponible<br \/>\nInclinaci\u00f3: No disponible<\/p>\n<p>Condueix amb seguretat. Els nostres dissenys garanteixen l'equilibri i la comoditat a la conducci\u00f3 per ajudar-te a evitar incidents inesperats.<\/p>","protected":false},"excerpt":{"rendered":"<p>Remolque para el transporte de 1,2 y 3 Motos. Incorpora 3 carriles. CARACTERISTICAS: Totalmente galvanizado Anclajes y barandas laterales para la correcta sujeci\u00f3n de la moto. Soportes para guardarlo verticalmente. Soporte para rampa. Arquillo para sujetar la rueda delantera de la moto. M\u00ednima tara para conseguir ligereza, con la m\u00e1xima robustez. Preparado para circular a<br \/><a class=\"moretag\" href=\"https:\/\/shop.caravaning-esguard.com\/ca\/product-category\/sample-product\/remolque-motos-iii-sprint-522-knott\/\">+ Read More<\/a><\/p>","protected":false},"featured_media":1254,"template":"","meta":[],"product_brand":[],"product_cat":[182],"product_tag":[],"class_list":{"0":"post-1255","1":"product","2":"type-product","3":"status-publish","4":"has-post-thumbnail","6":"product_cat-remolques-motos-quads","8":"first","9":"instock","10":"taxable","11":"shipping-taxable","12":"purchasable","13":"product-type-simple"},"yoast_head":"<!-- This site is optimized with the Yoast SEO plugin v27.4 - https:\/\/yoast.com\/product\/yoast-seo-wordpress\/ -->\n<title>REMOLQUE MOTOS III SPRINT 522 KNOTT - Caravaning Esguard<\/title>\n<meta name=\"robots\" content=\"index, follow, max-snippet:-1, max-image-preview:large, max-video-preview:-1\" \/>\n<link rel=\"canonical\" href=\"https:\/\/shop.caravaning-esguard.com\/ca\/categoria-de-producte\/producte-de-mostra\/remolc-de-motocicleta-iii-sprint-522-knott\/\" \/>\n<meta property=\"og:locale\" content=\"ca_ES\" \/>\n<meta property=\"og:type\" content=\"article\" \/>\n<meta property=\"og:title\" content=\"REMOLQUE MOTOS III SPRINT 522 KNOTT - Caravaning Esguard\" \/>\n<meta property=\"og:description\" content=\"Remolque para el transporte de 1,2 y 3 Motos. Incorpora 3 carriles. CARACTERISTICAS: Totalmente galvanizado Anclajes y barandas laterales para la correcta sujeci\u00f3n de la moto. Soportes para guardarlo verticalmente. Soporte para rampa. Arquillo para sujetar la rueda delantera de la moto. M\u00ednima tara para conseguir ligereza, con la m\u00e1xima robustez. Preparado para circular a+ Read More\" \/>\n<meta property=\"og:url\" content=\"https:\/\/shop.caravaning-esguard.com\/ca\/categoria-de-producte\/producte-de-mostra\/remolc-de-motocicleta-iii-sprint-522-knott\/\" \/>\n<meta property=\"og:site_name\" content=\"Caravaning Esguard\" \/>\n<meta property=\"article:publisher\" content=\"https:\/\/www.facebook.com\/caravaningesguard\/\" \/>\n<meta property=\"article:modified_time\" content=\"2025-11-27T09:44:05+00:00\" \/>\n<meta property=\"og:image\" content=\"https:\/\/shop.caravaning-esguard.com\/wp-content\/uploads\/2023\/10\/4926-1.jpg\" \/>\n\t<meta property=\"og:image:width\" content=\"600\" \/>\n\t<meta property=\"og:image:height\" content=\"600\" \/>\n\t<meta property=\"og:image:type\" content=\"image\/jpeg\" \/>\n<meta name=\"twitter:card\" content=\"summary_large_image\" \/>\n<meta name=\"twitter:label1\" content=\"Temps estimat de lectura\" \/>\n\t<meta name=\"twitter:data1\" content=\"1 minut\" \/>\n<script type=\"application\/ld+json\" class=\"yoast-schema-graph\">{\"@context\":\"https:\\\/\\\/schema.org\",\"@graph\":[{\"@type\":\"WebPage\",\"@id\":\"https:\\\/\\\/shop.caravaning-esguard.com\\\/product-category\\\/sample-product\\\/remolque-motos-iii-sprint-522-knott\\\/\",\"url\":\"https:\\\/\\\/shop.caravaning-esguard.com\\\/product-category\\\/sample-product\\\/remolque-motos-iii-sprint-522-knott\\\/\",\"name\":\"REMOLQUE MOTOS III SPRINT 522 KNOTT - Caravaning Esguard\",\"isPartOf\":{\"@id\":\"https:\\\/\\\/shop.caravaning-esguard.com\\\/#website\"},\"primaryImageOfPage\":{\"@id\":\"https:\\\/\\\/shop.caravaning-esguard.com\\\/product-category\\\/sample-product\\\/remolque-motos-iii-sprint-522-knott\\\/#primaryimage\"},\"image\":{\"@id\":\"https:\\\/\\\/shop.caravaning-esguard.com\\\/product-category\\\/sample-product\\\/remolque-motos-iii-sprint-522-knott\\\/#primaryimage\"},\"thumbnailUrl\":\"https:\\\/\\\/shop.caravaning-esguard.com\\\/wp-content\\\/uploads\\\/2023\\\/10\\\/4926-1.jpg\",\"datePublished\":\"2023-10-24T10:48:54+00:00\",\"dateModified\":\"2025-11-27T09:44:05+00:00\",\"breadcrumb\":{\"@id\":\"https:\\\/\\\/shop.caravaning-esguard.com\\\/product-category\\\/sample-product\\\/remolque-motos-iii-sprint-522-knott\\\/#breadcrumb\"},\"inLanguage\":\"ca\",\"potentialAction\":[{\"@type\":\"ReadAction\",\"target\":[\"https:\\\/\\\/shop.caravaning-esguard.com\\\/product-category\\\/sample-product\\\/remolque-motos-iii-sprint-522-knott\\\/\"]}]},{\"@type\":\"ImageObject\",\"inLanguage\":\"ca\",\"@id\":\"https:\\\/\\\/shop.caravaning-esguard.com\\\/product-category\\\/sample-product\\\/remolque-motos-iii-sprint-522-knott\\\/#primaryimage\",\"url\":\"https:\\\/\\\/shop.caravaning-esguard.com\\\/wp-content\\\/uploads\\\/2023\\\/10\\\/4926-1.jpg\",\"contentUrl\":\"https:\\\/\\\/shop.caravaning-esguard.com\\\/wp-content\\\/uploads\\\/2023\\\/10\\\/4926-1.jpg\",\"width\":600,\"height\":600},{\"@type\":\"BreadcrumbList\",\"@id\":\"https:\\\/\\\/shop.caravaning-esguard.com\\\/product-category\\\/sample-product\\\/remolque-motos-iii-sprint-522-knott\\\/#breadcrumb\",\"itemListElement\":[{\"@type\":\"ListItem\",\"position\":1,\"name\":\"Home\",\"item\":\"https:\\\/\\\/shop.caravaning-esguard.com\\\/\"},{\"@type\":\"ListItem\",\"position\":2,\"name\":\"Productos\",\"item\":\"https:\\\/\\\/shop.caravaning-esguard.com\\\/poductos\\\/\"},{\"@type\":\"ListItem\",\"position\":3,\"name\":\"REMOLQUE MOTOS III SPRINT 522 KNOTT\"}]},{\"@type\":\"WebSite\",\"@id\":\"https:\\\/\\\/shop.caravaning-esguard.com\\\/#website\",\"url\":\"https:\\\/\\\/shop.caravaning-esguard.com\\\/\",\"name\":\"Caravaning Esguard\",\"description\":\"Shop on line\",\"publisher\":{\"@id\":\"https:\\\/\\\/shop.caravaning-esguard.com\\\/#organization\"},\"potentialAction\":[{\"@type\":\"SearchAction\",\"target\":{\"@type\":\"EntryPoint\",\"urlTemplate\":\"https:\\\/\\\/shop.caravaning-esguard.com\\\/?s={search_term_string}\"},\"query-input\":{\"@type\":\"PropertyValueSpecification\",\"valueRequired\":true,\"valueName\":\"search_term_string\"}}],\"inLanguage\":\"ca\"},{\"@type\":\"Organization\",\"@id\":\"https:\\\/\\\/shop.caravaning-esguard.com\\\/#organization\",\"name\":\"Caravaning Esguard\",\"url\":\"https:\\\/\\\/shop.caravaning-esguard.com\\\/\",\"logo\":{\"@type\":\"ImageObject\",\"inLanguage\":\"ca\",\"@id\":\"https:\\\/\\\/shop.caravaning-esguard.com\\\/#\\\/schema\\\/logo\\\/image\\\/\",\"url\":\"https:\\\/\\\/shop.caravaning-esguard.com\\\/wp-content\\\/uploads\\\/2023\\\/09\\\/Accessorys-Camping-Santa-Cristina-dAro-Logo.png\",\"contentUrl\":\"https:\\\/\\\/shop.caravaning-esguard.com\\\/wp-content\\\/uploads\\\/2023\\\/09\\\/Accessorys-Camping-Santa-Cristina-dAro-Logo.png\",\"width\":228,\"height\":80,\"caption\":\"Caravaning Esguard\"},\"image\":{\"@id\":\"https:\\\/\\\/shop.caravaning-esguard.com\\\/#\\\/schema\\\/logo\\\/image\\\/\"},\"sameAs\":[\"https:\\\/\\\/www.facebook.com\\\/caravaningesguard\\\/\",\"https:\\\/\\\/www.instagram.com\\\/caravaningesguard\\\/\"]}]}<\/script>\n<!-- \/ Yoast SEO plugin. -->","yoast_head_json":{"title":"REMOLC PER A MOTOCICLETA KNOTT SPRINT 522 III - Caravaning Esguard","robots":{"index":"index","follow":"follow","max-snippet":"max-snippet:-1","max-image-preview":"max-image-preview:large","max-video-preview":"max-video-preview:-1"},"canonical":"https:\/\/shop.caravaning-esguard.com\/ca\/categoria-de-producte\/producte-de-mostra\/remolc-de-motocicleta-iii-sprint-522-knott\/","og_locale":"ca_ES","og_type":"article","og_title":"REMOLQUE MOTOS III SPRINT 522 KNOTT - Caravaning Esguard","og_description":"Remolque para el transporte de 1,2 y 3 Motos. Incorpora 3 carriles. CARACTERISTICAS: Totalmente galvanizado Anclajes y barandas laterales para la correcta sujeci\u00f3n de la moto. Soportes para guardarlo verticalmente. Soporte para rampa. Arquillo para sujetar la rueda delantera de la moto. M\u00ednima tara para conseguir ligereza, con la m\u00e1xima robustez. Preparado para circular a+ Read More","og_url":"https:\/\/shop.caravaning-esguard.com\/ca\/categoria-de-producte\/producte-de-mostra\/remolc-de-motocicleta-iii-sprint-522-knott\/","og_site_name":"Caravaning Esguard","article_publisher":"https:\/\/www.facebook.com\/caravaningesguard\/","article_modified_time":"2025-11-27T09:44:05+00:00","og_image":[{"width":600,"height":600,"url":"https:\/\/shop.caravaning-esguard.com\/wp-content\/uploads\/2023\/10\/4926-1.jpg","type":"image\/jpeg"}],"twitter_card":"summary_large_image","twitter_misc":{"Temps estimat de lectura":"1 minut"},"schema":{"@context":"https:\/\/schema.org","@graph":[{"@type":"WebPage","@id":"https:\/\/shop.caravaning-esguard.com\/product-category\/sample-product\/remolque-motos-iii-sprint-522-knott\/","url":"https:\/\/shop.caravaning-esguard.com\/product-category\/sample-product\/remolque-motos-iii-sprint-522-knott\/","name":"REMOLC PER A MOTOCICLETA KNOTT SPRINT 522 III - Caravaning Esguard","isPartOf":{"@id":"https:\/\/shop.caravaning-esguard.com\/#website"},"primaryImageOfPage":{"@id":"https:\/\/shop.caravaning-esguard.com\/product-category\/sample-product\/remolque-motos-iii-sprint-522-knott\/#primaryimage"},"image":{"@id":"https:\/\/shop.caravaning-esguard.com\/product-category\/sample-product\/remolque-motos-iii-sprint-522-knott\/#primaryimage"},"thumbnailUrl":"https:\/\/shop.caravaning-esguard.com\/wp-content\/uploads\/2023\/10\/4926-1.jpg","datePublished":"2023-10-24T10:48:54+00:00","dateModified":"2025-11-27T09:44:05+00:00","breadcrumb":{"@id":"https:\/\/shop.caravaning-esguard.com\/product-category\/sample-product\/remolque-motos-iii-sprint-522-knott\/#breadcrumb"},"inLanguage":"ca","potentialAction":[{"@type":"ReadAction","target":["https:\/\/shop.caravaning-esguard.com\/product-category\/sample-product\/remolque-motos-iii-sprint-522-knott\/"]}]},{"@type":"ImageObject","inLanguage":"ca","@id":"https:\/\/shop.caravaning-esguard.com\/product-category\/sample-product\/remolque-motos-iii-sprint-522-knott\/#primaryimage","url":"https:\/\/shop.caravaning-esguard.com\/wp-content\/uploads\/2023\/10\/4926-1.jpg","contentUrl":"https:\/\/shop.caravaning-esguard.com\/wp-content\/uploads\/2023\/10\/4926-1.jpg","width":600,"height":600},{"@type":"BreadcrumbList","@id":"https:\/\/shop.caravaning-esguard.com\/product-category\/sample-product\/remolque-motos-iii-sprint-522-knott\/#breadcrumb","itemListElement":[{"@type":"ListItem","position":1,"name":"Home","item":"https:\/\/shop.caravaning-esguard.com\/"},{"@type":"ListItem","position":2,"name":"Productos","item":"https:\/\/shop.caravaning-esguard.com\/poductos\/"},{"@type":"ListItem","position":3,"name":"REMOLQUE MOTOS III SPRINT 522 KNOTT"}]},{"@type":"WebSite","@id":"https:\/\/shop.caravaning-esguard.com\/#website","url":"https:\/\/shop.caravaning-esguard.com\/","name":"Caravaning Esguard","description":"Compra en l\u00ednia","publisher":{"@id":"https:\/\/shop.caravaning-esguard.com\/#organization"},"potentialAction":[{"@type":"SearchAction","target":{"@type":"EntryPoint","urlTemplate":"https:\/\/shop.caravaning-esguard.com\/?s={search_term_string}"},"query-input":{"@type":"PropertyValueSpecification","valueRequired":true,"valueName":"search_term_string"}}],"inLanguage":"ca"},{"@type":"Organization","@id":"https:\/\/shop.caravaning-esguard.com\/#organization","name":"Caravaning Esguard","url":"https:\/\/shop.caravaning-esguard.com\/","logo":{"@type":"ImageObject","inLanguage":"ca","@id":"https:\/\/shop.caravaning-esguard.com\/#\/schema\/logo\/image\/","url":"https:\/\/shop.caravaning-esguard.com\/wp-content\/uploads\/2023\/09\/Accessorys-Camping-Santa-Cristina-dAro-Logo.png","contentUrl":"https:\/\/shop.caravaning-esguard.com\/wp-content\/uploads\/2023\/09\/Accessorys-Camping-Santa-Cristina-dAro-Logo.png","width":228,"height":80,"caption":"Caravaning Esguard"},"image":{"@id":"https:\/\/shop.caravaning-esguard.com\/#\/schema\/logo\/image\/"},"sameAs":["https:\/\/www.facebook.com\/caravaningesguard\/","https:\/\/www.instagram.com\/caravaningesguard\/"]}]}},"_links":{"self":[{"href":"https:\/\/shop.caravaning-esguard.com\/ca\/wp-json\/wp\/v2\/product\/1255","targetHints":{"allow":["GET"]}}],"collection":[{"href":"https:\/\/shop.caravaning-esguard.com\/ca\/wp-json\/wp\/v2\/product"}],"about":[{"href":"https:\/\/shop.caravaning-esguard.com\/ca\/wp-json\/wp\/v2\/types\/product"}],"version-history":[{"count":0,"href":"https:\/\/shop.caravaning-esguard.com\/ca\/wp-json\/wp\/v2\/product\/1255\/revisions"}],"wp:featuredmedia":[{"embeddable":true,"href":"https:\/\/shop.caravaning-esguard.com\/ca\/wp-json\/wp\/v2\/media\/1254"}],"wp:attachment":[{"href":"https:\/\/shop.caravaning-esguard.com\/ca\/wp-json\/wp\/v2\/media?parent=1255"}],"wp:term":[{"taxonomy":"product_brand","embeddable":true,"href":"https:\/\/shop.caravaning-esguard.com\/ca\/wp-json\/wp\/v2\/product_brand?post=1255"},{"taxonomy":"product_cat","embeddable":true,"href":"https:\/\/shop.caravaning-esguard.com\/ca\/wp-json\/wp\/v2\/product_cat?post=1255"},{"taxonomy":"product_tag","embeddable":true,"href":"https:\/\/shop.caravaning-esguard.com\/ca\/wp-json\/wp\/v2\/product_tag?post=1255"}],"curies":[{"name":"wp","href":"https:\/\/api.w.org\/{rel}","templated":true}]}}