{"id":1433,"date":"2023-10-24T12:49:45","date_gmt":"2023-10-24T10:49:45","guid":{"rendered":"https:\/\/shop.caravaning-esguard.com\/product-category\/sample-product\/sillon-7-p-xl-compact-deluxe\/"},"modified":"2025-11-27T10:44:46","modified_gmt":"2025-11-27T09:44:46","slug":"sofa-compacte-de-luxe-de-7-places","status":"publish","type":"product","link":"https:\/\/shop.caravaning-esguard.com\/ca\/product-category\/sample-product\/sillon-7-p-xl-compact-deluxe\/","title":{"rendered":"SOF\u00c0 COMPACT DELUXE XL DE 7 PLACES"},"content":{"rendered":"<p>DESCRIPCI\u00d3<\/p>\n<p>Cadira refor\u00e7ada d'alumini. Seient extraample i respatller alt. Teixit encoixinat DELUXE. Reposacap ergon\u00f2mic COMPACT: ajustable en al\u00e7ada i estalvia 16 cm quan est\u00e0 plegat. 7 posicions de respatller. Potes de tub ovalat.<\/p>\n<p>ESPECIFICACIONS T\u00c8CNIQUES<\/p>\n<p>DIMENSIONS 106\/122 x 72 x 77<\/p>\n<p>Plegat 102x71x13<\/p>\n<p>Pes 6,16 kg<\/p>\n<p>Capacitat de c\u00e0rrega 200 kg<\/p>\n<p>Teixit de luxe: Un teixit encoixinat i transpirable que, a m\u00e9s d'oferir la m\u00e0xima comoditat, permet que l'aire i l'aigua el travessin, garantint que sempre es mantingui fresc i no retingui la brut\u00edcia ni les olors.<\/p>","protected":false},"excerpt":{"rendered":"<p>DESCRIPCI\u00d3N Butaca reforzada fabricada en aluminio. Anchura extra y respaldo alto. Tejido acolchado DELUXE. Cabezal ergon\u00f3mico COMPACT: Regulable en altura y ahorra 16 cm en su posici\u00f3n plegada. 7 posiciones de respaldo. Patas de tubo ovalado. FICHA T\u00c9CNICA DIMENSIONES 106\/122x72x77 PLEGADO 102x71x13 PESO 6,16kg RESISTENCIA 200kg Tejido deluxe: Tejido acolchado y transpirable que, adem\u00e1s de<br \/><a class=\"moretag\" href=\"https:\/\/shop.caravaning-esguard.com\/ca\/product-category\/sample-product\/sillon-7-p-xl-compact-deluxe\/\">+ Read More<\/a><\/p>","protected":false},"featured_media":1432,"template":"","meta":[],"product_brand":[],"product_cat":[142],"product_tag":[],"class_list":{"0":"post-1433","1":"product","2":"type-product","3":"status-publish","4":"has-post-thumbnail","6":"product_cat-sillas","8":"first","9":"outofstock","10":"taxable","11":"shipping-taxable","12":"purchasable","13":"product-type-simple"},"yoast_head":"<!-- This site is optimized with the Yoast SEO plugin v27.3 - https:\/\/yoast.com\/product\/yoast-seo-wordpress\/ -->\n<title>SILL\u00d3N 7 P. XL COMPACT DELUXE - Caravaning Esguard<\/title>\n<meta name=\"robots\" content=\"index, follow, max-snippet:-1, max-image-preview:large, max-video-preview:-1\" \/>\n<link rel=\"canonical\" href=\"https:\/\/shop.caravaning-esguard.com\/ca\/categoria-de-producte\/producte-de-mostra\/sofa-compacte-de-luxe-de-7-places\/\" \/>\n<meta property=\"og:locale\" content=\"ca_ES\" \/>\n<meta property=\"og:type\" content=\"article\" \/>\n<meta property=\"og:title\" content=\"SILL\u00d3N 7 P. XL COMPACT DELUXE - Caravaning Esguard\" \/>\n<meta property=\"og:description\" content=\"DESCRIPCI\u00d3N Butaca reforzada fabricada en aluminio. Anchura extra y respaldo alto. Tejido acolchado DELUXE. Cabezal ergon\u00f3mico COMPACT: Regulable en altura y ahorra 16 cm en su posici\u00f3n plegada. 7 posiciones de respaldo. Patas de tubo ovalado. FICHA T\u00c9CNICA DIMENSIONES 106\/122x72x77 PLEGADO 102x71x13 PESO 6,16kg RESISTENCIA 200kg Tejido deluxe: Tejido acolchado y transpirable que, adem\u00e1s de+ Read More\" \/>\n<meta property=\"og:url\" content=\"https:\/\/shop.caravaning-esguard.com\/ca\/categoria-de-producte\/producte-de-mostra\/sofa-compacte-de-luxe-de-7-places\/\" \/>\n<meta property=\"og:site_name\" content=\"Caravaning Esguard\" \/>\n<meta property=\"article:publisher\" content=\"https:\/\/www.facebook.com\/caravaningesguard\/\" \/>\n<meta property=\"article:modified_time\" content=\"2025-11-27T09:44:46+00:00\" \/>\n<meta property=\"og:image\" content=\"https:\/\/shop.caravaning-esguard.com\/wp-content\/uploads\/2023\/10\/5480-1.jpg\" \/>\n\t<meta property=\"og:image:width\" content=\"625\" \/>\n\t<meta property=\"og:image:height\" content=\"813\" \/>\n\t<meta property=\"og:image:type\" content=\"image\/jpeg\" \/>\n<meta name=\"twitter:card\" content=\"summary_large_image\" \/>\n<script type=\"application\/ld+json\" class=\"yoast-schema-graph\">{\"@context\":\"https:\\\/\\\/schema.org\",\"@graph\":[{\"@type\":\"WebPage\",\"@id\":\"https:\\\/\\\/shop.caravaning-esguard.com\\\/product-category\\\/sample-product\\\/sillon-7-p-xl-compact-deluxe\\\/\",\"url\":\"https:\\\/\\\/shop.caravaning-esguard.com\\\/product-category\\\/sample-product\\\/sillon-7-p-xl-compact-deluxe\\\/\",\"name\":\"SILL\u00d3N 7 P. XL COMPACT DELUXE - Caravaning Esguard\",\"isPartOf\":{\"@id\":\"https:\\\/\\\/shop.caravaning-esguard.com\\\/#website\"},\"primaryImageOfPage\":{\"@id\":\"https:\\\/\\\/shop.caravaning-esguard.com\\\/product-category\\\/sample-product\\\/sillon-7-p-xl-compact-deluxe\\\/#primaryimage\"},\"image\":{\"@id\":\"https:\\\/\\\/shop.caravaning-esguard.com\\\/product-category\\\/sample-product\\\/sillon-7-p-xl-compact-deluxe\\\/#primaryimage\"},\"thumbnailUrl\":\"https:\\\/\\\/shop.caravaning-esguard.com\\\/wp-content\\\/uploads\\\/2023\\\/10\\\/5480-1.jpg\",\"datePublished\":\"2023-10-24T10:49:45+00:00\",\"dateModified\":\"2025-11-27T09:44:46+00:00\",\"breadcrumb\":{\"@id\":\"https:\\\/\\\/shop.caravaning-esguard.com\\\/product-category\\\/sample-product\\\/sillon-7-p-xl-compact-deluxe\\\/#breadcrumb\"},\"inLanguage\":\"ca\",\"potentialAction\":[{\"@type\":\"ReadAction\",\"target\":[\"https:\\\/\\\/shop.caravaning-esguard.com\\\/product-category\\\/sample-product\\\/sillon-7-p-xl-compact-deluxe\\\/\"]}]},{\"@type\":\"ImageObject\",\"inLanguage\":\"ca\",\"@id\":\"https:\\\/\\\/shop.caravaning-esguard.com\\\/product-category\\\/sample-product\\\/sillon-7-p-xl-compact-deluxe\\\/#primaryimage\",\"url\":\"https:\\\/\\\/shop.caravaning-esguard.com\\\/wp-content\\\/uploads\\\/2023\\\/10\\\/5480-1.jpg\",\"contentUrl\":\"https:\\\/\\\/shop.caravaning-esguard.com\\\/wp-content\\\/uploads\\\/2023\\\/10\\\/5480-1.jpg\",\"width\":625,\"height\":813},{\"@type\":\"BreadcrumbList\",\"@id\":\"https:\\\/\\\/shop.caravaning-esguard.com\\\/product-category\\\/sample-product\\\/sillon-7-p-xl-compact-deluxe\\\/#breadcrumb\",\"itemListElement\":[{\"@type\":\"ListItem\",\"position\":1,\"name\":\"Home\",\"item\":\"https:\\\/\\\/shop.caravaning-esguard.com\\\/\"},{\"@type\":\"ListItem\",\"position\":2,\"name\":\"Productos\",\"item\":\"https:\\\/\\\/shop.caravaning-esguard.com\\\/poductos\\\/\"},{\"@type\":\"ListItem\",\"position\":3,\"name\":\"SILL\u00d3N 7 P. XL COMPACT DELUXE\"}]},{\"@type\":\"WebSite\",\"@id\":\"https:\\\/\\\/shop.caravaning-esguard.com\\\/#website\",\"url\":\"https:\\\/\\\/shop.caravaning-esguard.com\\\/\",\"name\":\"Caravaning Esguard\",\"description\":\"Shop on line\",\"publisher\":{\"@id\":\"https:\\\/\\\/shop.caravaning-esguard.com\\\/#organization\"},\"potentialAction\":[{\"@type\":\"SearchAction\",\"target\":{\"@type\":\"EntryPoint\",\"urlTemplate\":\"https:\\\/\\\/shop.caravaning-esguard.com\\\/?s={search_term_string}\"},\"query-input\":{\"@type\":\"PropertyValueSpecification\",\"valueRequired\":true,\"valueName\":\"search_term_string\"}}],\"inLanguage\":\"ca\"},{\"@type\":\"Organization\",\"@id\":\"https:\\\/\\\/shop.caravaning-esguard.com\\\/#organization\",\"name\":\"Caravaning Esguard\",\"url\":\"https:\\\/\\\/shop.caravaning-esguard.com\\\/\",\"logo\":{\"@type\":\"ImageObject\",\"inLanguage\":\"ca\",\"@id\":\"https:\\\/\\\/shop.caravaning-esguard.com\\\/#\\\/schema\\\/logo\\\/image\\\/\",\"url\":\"https:\\\/\\\/shop.caravaning-esguard.com\\\/wp-content\\\/uploads\\\/2023\\\/09\\\/Accessorys-Camping-Santa-Cristina-dAro-Logo.png\",\"contentUrl\":\"https:\\\/\\\/shop.caravaning-esguard.com\\\/wp-content\\\/uploads\\\/2023\\\/09\\\/Accessorys-Camping-Santa-Cristina-dAro-Logo.png\",\"width\":228,\"height\":80,\"caption\":\"Caravaning Esguard\"},\"image\":{\"@id\":\"https:\\\/\\\/shop.caravaning-esguard.com\\\/#\\\/schema\\\/logo\\\/image\\\/\"},\"sameAs\":[\"https:\\\/\\\/www.facebook.com\\\/caravaningesguard\\\/\",\"https:\\\/\\\/www.instagram.com\\\/caravaningesguard\\\/\"]}]}<\/script>\n<!-- \/ Yoast SEO plugin. -->","yoast_head_json":{"title":"SILL\u00d3 COMPACT DELUXE XL DE 7 SEIENTS - Caravaning Esguard","robots":{"index":"index","follow":"follow","max-snippet":"max-snippet:-1","max-image-preview":"max-image-preview:large","max-video-preview":"max-video-preview:-1"},"canonical":"https:\/\/shop.caravaning-esguard.com\/ca\/categoria-de-producte\/producte-de-mostra\/sofa-compacte-de-luxe-de-7-places\/","og_locale":"ca_ES","og_type":"article","og_title":"SILL\u00d3N 7 P. XL COMPACT DELUXE - Caravaning Esguard","og_description":"DESCRIPCI\u00d3N Butaca reforzada fabricada en aluminio. Anchura extra y respaldo alto. Tejido acolchado DELUXE. Cabezal ergon\u00f3mico COMPACT: Regulable en altura y ahorra 16 cm en su posici\u00f3n plegada. 7 posiciones de respaldo. Patas de tubo ovalado. FICHA T\u00c9CNICA DIMENSIONES 106\/122x72x77 PLEGADO 102x71x13 PESO 6,16kg RESISTENCIA 200kg Tejido deluxe: Tejido acolchado y transpirable que, adem\u00e1s de+ Read More","og_url":"https:\/\/shop.caravaning-esguard.com\/ca\/categoria-de-producte\/producte-de-mostra\/sofa-compacte-de-luxe-de-7-places\/","og_site_name":"Caravaning Esguard","article_publisher":"https:\/\/www.facebook.com\/caravaningesguard\/","article_modified_time":"2025-11-27T09:44:46+00:00","og_image":[{"width":625,"height":813,"url":"https:\/\/shop.caravaning-esguard.com\/wp-content\/uploads\/2023\/10\/5480-1.jpg","type":"image\/jpeg"}],"twitter_card":"summary_large_image","schema":{"@context":"https:\/\/schema.org","@graph":[{"@type":"WebPage","@id":"https:\/\/shop.caravaning-esguard.com\/product-category\/sample-product\/sillon-7-p-xl-compact-deluxe\/","url":"https:\/\/shop.caravaning-esguard.com\/product-category\/sample-product\/sillon-7-p-xl-compact-deluxe\/","name":"SILL\u00d3 COMPACT DELUXE XL DE 7 SEIENTS - Caravaning Esguard","isPartOf":{"@id":"https:\/\/shop.caravaning-esguard.com\/#website"},"primaryImageOfPage":{"@id":"https:\/\/shop.caravaning-esguard.com\/product-category\/sample-product\/sillon-7-p-xl-compact-deluxe\/#primaryimage"},"image":{"@id":"https:\/\/shop.caravaning-esguard.com\/product-category\/sample-product\/sillon-7-p-xl-compact-deluxe\/#primaryimage"},"thumbnailUrl":"https:\/\/shop.caravaning-esguard.com\/wp-content\/uploads\/2023\/10\/5480-1.jpg","datePublished":"2023-10-24T10:49:45+00:00","dateModified":"2025-11-27T09:44:46+00:00","breadcrumb":{"@id":"https:\/\/shop.caravaning-esguard.com\/product-category\/sample-product\/sillon-7-p-xl-compact-deluxe\/#breadcrumb"},"inLanguage":"ca","potentialAction":[{"@type":"ReadAction","target":["https:\/\/shop.caravaning-esguard.com\/product-category\/sample-product\/sillon-7-p-xl-compact-deluxe\/"]}]},{"@type":"ImageObject","inLanguage":"ca","@id":"https:\/\/shop.caravaning-esguard.com\/product-category\/sample-product\/sillon-7-p-xl-compact-deluxe\/#primaryimage","url":"https:\/\/shop.caravaning-esguard.com\/wp-content\/uploads\/2023\/10\/5480-1.jpg","contentUrl":"https:\/\/shop.caravaning-esguard.com\/wp-content\/uploads\/2023\/10\/5480-1.jpg","width":625,"height":813},{"@type":"BreadcrumbList","@id":"https:\/\/shop.caravaning-esguard.com\/product-category\/sample-product\/sillon-7-p-xl-compact-deluxe\/#breadcrumb","itemListElement":[{"@type":"ListItem","position":1,"name":"Home","item":"https:\/\/shop.caravaning-esguard.com\/"},{"@type":"ListItem","position":2,"name":"Productos","item":"https:\/\/shop.caravaning-esguard.com\/poductos\/"},{"@type":"ListItem","position":3,"name":"SILL\u00d3N 7 P. XL COMPACT DELUXE"}]},{"@type":"WebSite","@id":"https:\/\/shop.caravaning-esguard.com\/#website","url":"https:\/\/shop.caravaning-esguard.com\/","name":"Caravaning Esguard","description":"Compra en l\u00ednia","publisher":{"@id":"https:\/\/shop.caravaning-esguard.com\/#organization"},"potentialAction":[{"@type":"SearchAction","target":{"@type":"EntryPoint","urlTemplate":"https:\/\/shop.caravaning-esguard.com\/?s={search_term_string}"},"query-input":{"@type":"PropertyValueSpecification","valueRequired":true,"valueName":"search_term_string"}}],"inLanguage":"ca"},{"@type":"Organization","@id":"https:\/\/shop.caravaning-esguard.com\/#organization","name":"Caravaning Esguard","url":"https:\/\/shop.caravaning-esguard.com\/","logo":{"@type":"ImageObject","inLanguage":"ca","@id":"https:\/\/shop.caravaning-esguard.com\/#\/schema\/logo\/image\/","url":"https:\/\/shop.caravaning-esguard.com\/wp-content\/uploads\/2023\/09\/Accessorys-Camping-Santa-Cristina-dAro-Logo.png","contentUrl":"https:\/\/shop.caravaning-esguard.com\/wp-content\/uploads\/2023\/09\/Accessorys-Camping-Santa-Cristina-dAro-Logo.png","width":228,"height":80,"caption":"Caravaning Esguard"},"image":{"@id":"https:\/\/shop.caravaning-esguard.com\/#\/schema\/logo\/image\/"},"sameAs":["https:\/\/www.facebook.com\/caravaningesguard\/","https:\/\/www.instagram.com\/caravaningesguard\/"]}]}},"_links":{"self":[{"href":"https:\/\/shop.caravaning-esguard.com\/ca\/wp-json\/wp\/v2\/product\/1433","targetHints":{"allow":["GET"]}}],"collection":[{"href":"https:\/\/shop.caravaning-esguard.com\/ca\/wp-json\/wp\/v2\/product"}],"about":[{"href":"https:\/\/shop.caravaning-esguard.com\/ca\/wp-json\/wp\/v2\/types\/product"}],"version-history":[{"count":0,"href":"https:\/\/shop.caravaning-esguard.com\/ca\/wp-json\/wp\/v2\/product\/1433\/revisions"}],"wp:featuredmedia":[{"embeddable":true,"href":"https:\/\/shop.caravaning-esguard.com\/ca\/wp-json\/wp\/v2\/media\/1432"}],"wp:attachment":[{"href":"https:\/\/shop.caravaning-esguard.com\/ca\/wp-json\/wp\/v2\/media?parent=1433"}],"wp:term":[{"taxonomy":"product_brand","embeddable":true,"href":"https:\/\/shop.caravaning-esguard.com\/ca\/wp-json\/wp\/v2\/product_brand?post=1433"},{"taxonomy":"product_cat","embeddable":true,"href":"https:\/\/shop.caravaning-esguard.com\/ca\/wp-json\/wp\/v2\/product_cat?post=1433"},{"taxonomy":"product_tag","embeddable":true,"href":"https:\/\/shop.caravaning-esguard.com\/ca\/wp-json\/wp\/v2\/product_tag?post=1433"}],"curies":[{"name":"wp","href":"https:\/\/api.w.org\/{rel}","templated":true}]}}