{"id":1459,"date":"2023-10-24T12:49:55","date_gmt":"2023-10-24T10:49:55","guid":{"rendered":"https:\/\/shop.caravaning-esguard.com\/product-category\/sample-product\/sillon-7-p-cl-negro-air-deluxe-xl-pintado-reforzado\/"},"modified":"2025-11-27T10:44:52","modified_gmt":"2025-11-27T09:44:52","slug":"butaca-air-deluxe-xl-negra-de-7-seients-pintada-i-reforcada","status":"publish","type":"product","link":"https:\/\/shop.caravaning-esguard.com\/ca\/product-category\/sample-product\/sillon-7-p-cl-negro-air-deluxe-xl-pintado-reforzado\/","title":{"rendered":"Sill\u00f3 CL AIR DELUXE XL negre de 7 places, pintat i refor\u00e7at"},"content":{"rendered":"<p>Una butaca reclinable superresistent amb un respatller alt. \u00c9s adequada per a persones de talla gran. Aquesta butaca ofereix la m\u00e0xima comoditat gr\u00e0cies al seu respatller regulable en 7 posicions. Incorpora el teixit encoixinat Air Deluxe 3D, que \u00e9s hipoal\u00b7lerg\u00e8nic i repel\u00b7lent a l'\u00e0car (certificat segons l'est\u00e0ndard OEKO-TEX 100), i proporciona una ventilaci\u00f3 excel\u00b7lent. A m\u00e9s, el respatller i els bra\u00e7os estan dissenyats ergon\u00f2micament. La cadira t\u00e9 un marc en H per a una major estabilitat i resist\u00e8ncia. Amplada del seient: 56 cm, al\u00e7ada del seient: 49 cm i llargada del respatller: 80 cm. Quan est\u00e0 plegada, aquesta cadira \u00e9s molt compacta i f\u00e0cil de transportar (117x72x13 cm). C\u00e0rrega m\u00e0xima: 200 kg!<\/p>\n<p>Butaca molt refor\u00e7ada (fins a 200 kg) amb respatller alt.<br \/>\nUn disseny especial que cobreix completament el tub.<br \/>\nSeient extra ampli i profund<br \/>\nTela Air-Deluxe: transpirable, encoixinada i acabada amb epoxi antacit.<br \/>\nQualitat excepcional, certificada per T\u00dcV NORD GS.<\/p>","protected":false},"excerpt":{"rendered":"<p>Butaca reclinable s\u00faper robusta y con respaldo alto. Es apropiada para personas de mayor tama\u00f1o. Esta butaca proporciona un confort m\u00e1ximo gracias a su respaldo ajustable en 7 posiciones. Tejido acolchado Air Deluxe 3D, antial\u00e9rgico y repelente de \u00e1caros seg\u00fan certificado OEKO-TEX Standard 100), que permite una extraordinaria ventilaci\u00f3n. Adem\u00e1s, el respaldo y reposabrazos son<br \/><a class=\"moretag\" href=\"https:\/\/shop.caravaning-esguard.com\/ca\/product-category\/sample-product\/sillon-7-p-cl-negro-air-deluxe-xl-pintado-reforzado\/\">+ Read More<\/a><\/p>","protected":false},"featured_media":1458,"template":"","meta":[],"product_brand":[],"product_cat":[142],"product_tag":[],"class_list":{"0":"post-1459","1":"product","2":"type-product","3":"status-publish","4":"has-post-thumbnail","6":"product_cat-sillas","8":"first","9":"instock","10":"taxable","11":"shipping-taxable","12":"purchasable","13":"product-type-simple"},"yoast_head":"<!-- This site is optimized with the Yoast SEO plugin v27.3 - https:\/\/yoast.com\/product\/yoast-seo-wordpress\/ -->\n<title>SILL\u00d3N 7 P. CL NEGRO AIR DELUXE XL PINTADO REFORZADO - Caravaning Esguard<\/title>\n<meta name=\"robots\" content=\"index, follow, max-snippet:-1, max-image-preview:large, max-video-preview:-1\" \/>\n<link rel=\"canonical\" href=\"https:\/\/shop.caravaning-esguard.com\/ca\/categoria-de-producte\/producte-de-mostra\/butaca-air-deluxe-xl-negra-de-7-seients-pintada-i-reforcada\/\" \/>\n<meta property=\"og:locale\" content=\"ca_ES\" \/>\n<meta property=\"og:type\" content=\"article\" \/>\n<meta property=\"og:title\" content=\"SILL\u00d3N 7 P. CL NEGRO AIR DELUXE XL PINTADO REFORZADO - Caravaning Esguard\" \/>\n<meta property=\"og:description\" content=\"Butaca reclinable s\u00faper robusta y con respaldo alto. Es apropiada para personas de mayor tama\u00f1o. Esta butaca proporciona un confort m\u00e1ximo gracias a su respaldo ajustable en 7 posiciones. Tejido acolchado Air Deluxe 3D, antial\u00e9rgico y repelente de \u00e1caros seg\u00fan certificado OEKO-TEX Standard 100), que permite una extraordinaria ventilaci\u00f3n. Adem\u00e1s, el respaldo y reposabrazos son+ Read More\" \/>\n<meta property=\"og:url\" content=\"https:\/\/shop.caravaning-esguard.com\/ca\/categoria-de-producte\/producte-de-mostra\/butaca-air-deluxe-xl-negra-de-7-seients-pintada-i-reforcada\/\" \/>\n<meta property=\"og:site_name\" content=\"Caravaning Esguard\" \/>\n<meta property=\"article:publisher\" content=\"https:\/\/www.facebook.com\/caravaningesguard\/\" \/>\n<meta property=\"article:modified_time\" content=\"2025-11-27T09:44:52+00:00\" \/>\n<meta property=\"og:image\" content=\"https:\/\/shop.caravaning-esguard.com\/wp-content\/uploads\/2023\/10\/cr-238-ads-80-sillOn-7-p-negro-air-deluxe-xl-pintado-reforzado-1.jpg\" \/>\n\t<meta property=\"og:image:width\" content=\"600\" \/>\n\t<meta property=\"og:image:height\" content=\"764\" \/>\n\t<meta property=\"og:image:type\" content=\"image\/jpeg\" \/>\n<meta name=\"twitter:card\" content=\"summary_large_image\" \/>\n<meta name=\"twitter:label1\" content=\"Temps estimat de lectura\" \/>\n\t<meta name=\"twitter:data1\" content=\"1 minut\" \/>\n<script type=\"application\/ld+json\" class=\"yoast-schema-graph\">{\"@context\":\"https:\\\/\\\/schema.org\",\"@graph\":[{\"@type\":\"WebPage\",\"@id\":\"https:\\\/\\\/shop.caravaning-esguard.com\\\/product-category\\\/sample-product\\\/sillon-7-p-cl-negro-air-deluxe-xl-pintado-reforzado\\\/\",\"url\":\"https:\\\/\\\/shop.caravaning-esguard.com\\\/product-category\\\/sample-product\\\/sillon-7-p-cl-negro-air-deluxe-xl-pintado-reforzado\\\/\",\"name\":\"SILL\u00d3N 7 P. CL NEGRO AIR DELUXE XL PINTADO REFORZADO - Caravaning Esguard\",\"isPartOf\":{\"@id\":\"https:\\\/\\\/shop.caravaning-esguard.com\\\/#website\"},\"primaryImageOfPage\":{\"@id\":\"https:\\\/\\\/shop.caravaning-esguard.com\\\/product-category\\\/sample-product\\\/sillon-7-p-cl-negro-air-deluxe-xl-pintado-reforzado\\\/#primaryimage\"},\"image\":{\"@id\":\"https:\\\/\\\/shop.caravaning-esguard.com\\\/product-category\\\/sample-product\\\/sillon-7-p-cl-negro-air-deluxe-xl-pintado-reforzado\\\/#primaryimage\"},\"thumbnailUrl\":\"https:\\\/\\\/shop.caravaning-esguard.com\\\/wp-content\\\/uploads\\\/2023\\\/10\\\/cr-238-ads-80-sillOn-7-p-negro-air-deluxe-xl-pintado-reforzado-1.jpg\",\"datePublished\":\"2023-10-24T10:49:55+00:00\",\"dateModified\":\"2025-11-27T09:44:52+00:00\",\"breadcrumb\":{\"@id\":\"https:\\\/\\\/shop.caravaning-esguard.com\\\/product-category\\\/sample-product\\\/sillon-7-p-cl-negro-air-deluxe-xl-pintado-reforzado\\\/#breadcrumb\"},\"inLanguage\":\"ca\",\"potentialAction\":[{\"@type\":\"ReadAction\",\"target\":[\"https:\\\/\\\/shop.caravaning-esguard.com\\\/product-category\\\/sample-product\\\/sillon-7-p-cl-negro-air-deluxe-xl-pintado-reforzado\\\/\"]}]},{\"@type\":\"ImageObject\",\"inLanguage\":\"ca\",\"@id\":\"https:\\\/\\\/shop.caravaning-esguard.com\\\/product-category\\\/sample-product\\\/sillon-7-p-cl-negro-air-deluxe-xl-pintado-reforzado\\\/#primaryimage\",\"url\":\"https:\\\/\\\/shop.caravaning-esguard.com\\\/wp-content\\\/uploads\\\/2023\\\/10\\\/cr-238-ads-80-sillOn-7-p-negro-air-deluxe-xl-pintado-reforzado-1.jpg\",\"contentUrl\":\"https:\\\/\\\/shop.caravaning-esguard.com\\\/wp-content\\\/uploads\\\/2023\\\/10\\\/cr-238-ads-80-sillOn-7-p-negro-air-deluxe-xl-pintado-reforzado-1.jpg\",\"width\":600,\"height\":764},{\"@type\":\"BreadcrumbList\",\"@id\":\"https:\\\/\\\/shop.caravaning-esguard.com\\\/product-category\\\/sample-product\\\/sillon-7-p-cl-negro-air-deluxe-xl-pintado-reforzado\\\/#breadcrumb\",\"itemListElement\":[{\"@type\":\"ListItem\",\"position\":1,\"name\":\"Home\",\"item\":\"https:\\\/\\\/shop.caravaning-esguard.com\\\/\"},{\"@type\":\"ListItem\",\"position\":2,\"name\":\"Productos\",\"item\":\"https:\\\/\\\/shop.caravaning-esguard.com\\\/poductos\\\/\"},{\"@type\":\"ListItem\",\"position\":3,\"name\":\"SILL\u00d3N 7 P. CL NEGRO AIR DELUXE XL PINTADO REFORZADO\"}]},{\"@type\":\"WebSite\",\"@id\":\"https:\\\/\\\/shop.caravaning-esguard.com\\\/#website\",\"url\":\"https:\\\/\\\/shop.caravaning-esguard.com\\\/\",\"name\":\"Caravaning Esguard\",\"description\":\"Shop on line\",\"publisher\":{\"@id\":\"https:\\\/\\\/shop.caravaning-esguard.com\\\/#organization\"},\"potentialAction\":[{\"@type\":\"SearchAction\",\"target\":{\"@type\":\"EntryPoint\",\"urlTemplate\":\"https:\\\/\\\/shop.caravaning-esguard.com\\\/?s={search_term_string}\"},\"query-input\":{\"@type\":\"PropertyValueSpecification\",\"valueRequired\":true,\"valueName\":\"search_term_string\"}}],\"inLanguage\":\"ca\"},{\"@type\":\"Organization\",\"@id\":\"https:\\\/\\\/shop.caravaning-esguard.com\\\/#organization\",\"name\":\"Caravaning Esguard\",\"url\":\"https:\\\/\\\/shop.caravaning-esguard.com\\\/\",\"logo\":{\"@type\":\"ImageObject\",\"inLanguage\":\"ca\",\"@id\":\"https:\\\/\\\/shop.caravaning-esguard.com\\\/#\\\/schema\\\/logo\\\/image\\\/\",\"url\":\"https:\\\/\\\/shop.caravaning-esguard.com\\\/wp-content\\\/uploads\\\/2023\\\/09\\\/Accessorys-Camping-Santa-Cristina-dAro-Logo.png\",\"contentUrl\":\"https:\\\/\\\/shop.caravaning-esguard.com\\\/wp-content\\\/uploads\\\/2023\\\/09\\\/Accessorys-Camping-Santa-Cristina-dAro-Logo.png\",\"width\":228,\"height\":80,\"caption\":\"Caravaning Esguard\"},\"image\":{\"@id\":\"https:\\\/\\\/shop.caravaning-esguard.com\\\/#\\\/schema\\\/logo\\\/image\\\/\"},\"sameAs\":[\"https:\\\/\\\/www.facebook.com\\\/caravaningesguard\\\/\",\"https:\\\/\\\/www.instagram.com\\\/caravaningesguard\\\/\"]}]}<\/script>\n<!-- \/ Yoast SEO plugin. -->","yoast_head_json":{"title":"7-SEATER BLACK AIR DELUXE XL BUTACA REFOR\u00c7ADA PINTADA - Caravaning Esguard","robots":{"index":"index","follow":"follow","max-snippet":"max-snippet:-1","max-image-preview":"max-image-preview:large","max-video-preview":"max-video-preview:-1"},"canonical":"https:\/\/shop.caravaning-esguard.com\/ca\/categoria-de-producte\/producte-de-mostra\/butaca-air-deluxe-xl-negra-de-7-seients-pintada-i-reforcada\/","og_locale":"ca_ES","og_type":"article","og_title":"SILL\u00d3N 7 P. CL NEGRO AIR DELUXE XL PINTADO REFORZADO - Caravaning Esguard","og_description":"Butaca reclinable s\u00faper robusta y con respaldo alto. Es apropiada para personas de mayor tama\u00f1o. Esta butaca proporciona un confort m\u00e1ximo gracias a su respaldo ajustable en 7 posiciones. Tejido acolchado Air Deluxe 3D, antial\u00e9rgico y repelente de \u00e1caros seg\u00fan certificado OEKO-TEX Standard 100), que permite una extraordinaria ventilaci\u00f3n. Adem\u00e1s, el respaldo y reposabrazos son+ Read More","og_url":"https:\/\/shop.caravaning-esguard.com\/ca\/categoria-de-producte\/producte-de-mostra\/butaca-air-deluxe-xl-negra-de-7-seients-pintada-i-reforcada\/","og_site_name":"Caravaning Esguard","article_publisher":"https:\/\/www.facebook.com\/caravaningesguard\/","article_modified_time":"2025-11-27T09:44:52+00:00","og_image":[{"width":600,"height":764,"url":"https:\/\/shop.caravaning-esguard.com\/wp-content\/uploads\/2023\/10\/cr-238-ads-80-sillOn-7-p-negro-air-deluxe-xl-pintado-reforzado-1.jpg","type":"image\/jpeg"}],"twitter_card":"summary_large_image","twitter_misc":{"Temps estimat de lectura":"1 minut"},"schema":{"@context":"https:\/\/schema.org","@graph":[{"@type":"WebPage","@id":"https:\/\/shop.caravaning-esguard.com\/product-category\/sample-product\/sillon-7-p-cl-negro-air-deluxe-xl-pintado-reforzado\/","url":"https:\/\/shop.caravaning-esguard.com\/product-category\/sample-product\/sillon-7-p-cl-negro-air-deluxe-xl-pintado-reforzado\/","name":"7-SEATER BLACK AIR DELUXE XL BUTACA REFOR\u00c7ADA PINTADA - Caravaning Esguard","isPartOf":{"@id":"https:\/\/shop.caravaning-esguard.com\/#website"},"primaryImageOfPage":{"@id":"https:\/\/shop.caravaning-esguard.com\/product-category\/sample-product\/sillon-7-p-cl-negro-air-deluxe-xl-pintado-reforzado\/#primaryimage"},"image":{"@id":"https:\/\/shop.caravaning-esguard.com\/product-category\/sample-product\/sillon-7-p-cl-negro-air-deluxe-xl-pintado-reforzado\/#primaryimage"},"thumbnailUrl":"https:\/\/shop.caravaning-esguard.com\/wp-content\/uploads\/2023\/10\/cr-238-ads-80-sillOn-7-p-negro-air-deluxe-xl-pintado-reforzado-1.jpg","datePublished":"2023-10-24T10:49:55+00:00","dateModified":"2025-11-27T09:44:52+00:00","breadcrumb":{"@id":"https:\/\/shop.caravaning-esguard.com\/product-category\/sample-product\/sillon-7-p-cl-negro-air-deluxe-xl-pintado-reforzado\/#breadcrumb"},"inLanguage":"ca","potentialAction":[{"@type":"ReadAction","target":["https:\/\/shop.caravaning-esguard.com\/product-category\/sample-product\/sillon-7-p-cl-negro-air-deluxe-xl-pintado-reforzado\/"]}]},{"@type":"ImageObject","inLanguage":"ca","@id":"https:\/\/shop.caravaning-esguard.com\/product-category\/sample-product\/sillon-7-p-cl-negro-air-deluxe-xl-pintado-reforzado\/#primaryimage","url":"https:\/\/shop.caravaning-esguard.com\/wp-content\/uploads\/2023\/10\/cr-238-ads-80-sillOn-7-p-negro-air-deluxe-xl-pintado-reforzado-1.jpg","contentUrl":"https:\/\/shop.caravaning-esguard.com\/wp-content\/uploads\/2023\/10\/cr-238-ads-80-sillOn-7-p-negro-air-deluxe-xl-pintado-reforzado-1.jpg","width":600,"height":764},{"@type":"BreadcrumbList","@id":"https:\/\/shop.caravaning-esguard.com\/product-category\/sample-product\/sillon-7-p-cl-negro-air-deluxe-xl-pintado-reforzado\/#breadcrumb","itemListElement":[{"@type":"ListItem","position":1,"name":"Home","item":"https:\/\/shop.caravaning-esguard.com\/"},{"@type":"ListItem","position":2,"name":"Productos","item":"https:\/\/shop.caravaning-esguard.com\/poductos\/"},{"@type":"ListItem","position":3,"name":"SILL\u00d3N 7 P. CL NEGRO AIR DELUXE XL PINTADO REFORZADO"}]},{"@type":"WebSite","@id":"https:\/\/shop.caravaning-esguard.com\/#website","url":"https:\/\/shop.caravaning-esguard.com\/","name":"Caravaning Esguard","description":"Compra en l\u00ednia","publisher":{"@id":"https:\/\/shop.caravaning-esguard.com\/#organization"},"potentialAction":[{"@type":"SearchAction","target":{"@type":"EntryPoint","urlTemplate":"https:\/\/shop.caravaning-esguard.com\/?s={search_term_string}"},"query-input":{"@type":"PropertyValueSpecification","valueRequired":true,"valueName":"search_term_string"}}],"inLanguage":"ca"},{"@type":"Organization","@id":"https:\/\/shop.caravaning-esguard.com\/#organization","name":"Caravaning Esguard","url":"https:\/\/shop.caravaning-esguard.com\/","logo":{"@type":"ImageObject","inLanguage":"ca","@id":"https:\/\/shop.caravaning-esguard.com\/#\/schema\/logo\/image\/","url":"https:\/\/shop.caravaning-esguard.com\/wp-content\/uploads\/2023\/09\/Accessorys-Camping-Santa-Cristina-dAro-Logo.png","contentUrl":"https:\/\/shop.caravaning-esguard.com\/wp-content\/uploads\/2023\/09\/Accessorys-Camping-Santa-Cristina-dAro-Logo.png","width":228,"height":80,"caption":"Caravaning Esguard"},"image":{"@id":"https:\/\/shop.caravaning-esguard.com\/#\/schema\/logo\/image\/"},"sameAs":["https:\/\/www.facebook.com\/caravaningesguard\/","https:\/\/www.instagram.com\/caravaningesguard\/"]}]}},"_links":{"self":[{"href":"https:\/\/shop.caravaning-esguard.com\/ca\/wp-json\/wp\/v2\/product\/1459","targetHints":{"allow":["GET"]}}],"collection":[{"href":"https:\/\/shop.caravaning-esguard.com\/ca\/wp-json\/wp\/v2\/product"}],"about":[{"href":"https:\/\/shop.caravaning-esguard.com\/ca\/wp-json\/wp\/v2\/types\/product"}],"version-history":[{"count":0,"href":"https:\/\/shop.caravaning-esguard.com\/ca\/wp-json\/wp\/v2\/product\/1459\/revisions"}],"wp:featuredmedia":[{"embeddable":true,"href":"https:\/\/shop.caravaning-esguard.com\/ca\/wp-json\/wp\/v2\/media\/1458"}],"wp:attachment":[{"href":"https:\/\/shop.caravaning-esguard.com\/ca\/wp-json\/wp\/v2\/media?parent=1459"}],"wp:term":[{"taxonomy":"product_brand","embeddable":true,"href":"https:\/\/shop.caravaning-esguard.com\/ca\/wp-json\/wp\/v2\/product_brand?post=1459"},{"taxonomy":"product_cat","embeddable":true,"href":"https:\/\/shop.caravaning-esguard.com\/ca\/wp-json\/wp\/v2\/product_cat?post=1459"},{"taxonomy":"product_tag","embeddable":true,"href":"https:\/\/shop.caravaning-esguard.com\/ca\/wp-json\/wp\/v2\/product_tag?post=1459"}],"curies":[{"name":"wp","href":"https:\/\/api.w.org\/{rel}","templated":true}]}}