{"id":1523,"date":"2023-10-24T12:50:17","date_gmt":"2023-10-24T10:50:17","guid":{"rendered":"https:\/\/shop.caravaning-esguard.com\/product-category\/sample-product\/mesa-titan-115x75-55-regulable\/"},"modified":"2025-11-27T10:45:10","modified_gmt":"2025-11-27T09:45:10","slug":"taula-titan-115-x-75-cm-dalcada-regulable","status":"publish","type":"product","link":"https:\/\/shop.caravaning-esguard.com\/ca\/product-category\/sample-product\/mesa-titan-115x75-55-regulable\/","title":{"rendered":"TAULA TITAN 115X75\/55 AJUSTIBLE"},"content":{"rendered":"<p>90 x 60 x 38\/70,5 cm<br \/>\nPES 5,6 KG<br \/>\nTaula de bamb\u00fa resistent a la humitat<br \/>\nPots de nivell aeron\u00e0utic d'alumini<br \/>\n4 potes extra\u00efbles i regulables<br \/>\nAl\u00e7ada ajustable de 38 a 70,5 cm<br \/>\nInclou una bossa de transport<br \/>\nMides plegades: 90 x 31 x 8 cm<\/p>","protected":false},"excerpt":{"rendered":"<p>90x60x38\/70,5 cm   Pes: 5,6 kg   Tauler de bamb\u00fa resistent a la humitat   4 potes d'alumini d'aviaci\u00f3   Potetes extra\u00efbles i regulables   Al\u00e7ada regulable de 38 a 70,5 cm   Inclou funda de transport   Es plega fins a una mida compacta: 90x31x8 cm<\/p>","protected":false},"featured_media":1522,"template":"","meta":[],"product_brand":[],"product_cat":[141],"product_tag":[],"class_list":{"0":"post-1523","1":"product","2":"type-product","3":"status-publish","4":"has-post-thumbnail","6":"product_cat-mesas","8":"first","9":"instock","10":"featured","11":"taxable","12":"shipping-taxable","13":"purchasable","14":"product-type-simple"},"yoast_head":"<!-- This site is optimized with the Yoast SEO plugin v27.3 - https:\/\/yoast.com\/product\/yoast-seo-wordpress\/ -->\n<title>MESA TITAN 115X75\/55 REGULABLE - Caravaning Esguard<\/title>\n<meta name=\"robots\" content=\"index, follow, max-snippet:-1, max-image-preview:large, max-video-preview:-1\" \/>\n<link rel=\"canonical\" href=\"https:\/\/shop.caravaning-esguard.com\/ca\/categoria-de-producte\/producte-de-mostra\/taula-titan-115-x-75-cm-dalcada-regulable\/\" \/>\n<meta property=\"og:locale\" content=\"ca_ES\" \/>\n<meta property=\"og:type\" content=\"article\" \/>\n<meta property=\"og:title\" content=\"MESA TITAN 115X75\/55 REGULABLE - Caravaning Esguard\" \/>\n<meta property=\"og:description\" content=\"90x60x38\/70.5 cm PESO 5,6KG Tablero de bamb\u00fa resistente a la humedad Patas de aluminio aeron\u00e1utico 4 Patas desmontables y regulables Altura regulable de 38 a 70,5 cm Incluye bolsa de transporte Plegado compacto: 90x31x8 cm\" \/>\n<meta property=\"og:url\" content=\"https:\/\/shop.caravaning-esguard.com\/ca\/categoria-de-producte\/producte-de-mostra\/taula-titan-115-x-75-cm-dalcada-regulable\/\" \/>\n<meta property=\"og:site_name\" content=\"Caravaning Esguard\" \/>\n<meta property=\"article:publisher\" content=\"https:\/\/www.facebook.com\/caravaningesguard\/\" \/>\n<meta property=\"article:modified_time\" content=\"2025-11-27T09:45:10+00:00\" \/>\n<meta property=\"og:image\" content=\"https:\/\/shop.caravaning-esguard.com\/wp-content\/uploads\/2023\/10\/bocamp_nl_1404642_1-3.jpg\" \/>\n\t<meta property=\"og:image:width\" content=\"600\" \/>\n\t<meta property=\"og:image:height\" content=\"764\" \/>\n\t<meta property=\"og:image:type\" content=\"image\/jpeg\" \/>\n<meta name=\"twitter:card\" content=\"summary_large_image\" \/>\n<script type=\"application\/ld+json\" class=\"yoast-schema-graph\">{\"@context\":\"https:\\\/\\\/schema.org\",\"@graph\":[{\"@type\":\"WebPage\",\"@id\":\"https:\\\/\\\/shop.caravaning-esguard.com\\\/product-category\\\/sample-product\\\/mesa-titan-115x75-55-regulable\\\/\",\"url\":\"https:\\\/\\\/shop.caravaning-esguard.com\\\/product-category\\\/sample-product\\\/mesa-titan-115x75-55-regulable\\\/\",\"name\":\"MESA TITAN 115X75\\\/55 REGULABLE - Caravaning Esguard\",\"isPartOf\":{\"@id\":\"https:\\\/\\\/shop.caravaning-esguard.com\\\/#website\"},\"primaryImageOfPage\":{\"@id\":\"https:\\\/\\\/shop.caravaning-esguard.com\\\/product-category\\\/sample-product\\\/mesa-titan-115x75-55-regulable\\\/#primaryimage\"},\"image\":{\"@id\":\"https:\\\/\\\/shop.caravaning-esguard.com\\\/product-category\\\/sample-product\\\/mesa-titan-115x75-55-regulable\\\/#primaryimage\"},\"thumbnailUrl\":\"https:\\\/\\\/shop.caravaning-esguard.com\\\/wp-content\\\/uploads\\\/2023\\\/10\\\/bocamp_nl_1404642_1-3.jpg\",\"datePublished\":\"2023-10-24T10:50:17+00:00\",\"dateModified\":\"2025-11-27T09:45:10+00:00\",\"breadcrumb\":{\"@id\":\"https:\\\/\\\/shop.caravaning-esguard.com\\\/product-category\\\/sample-product\\\/mesa-titan-115x75-55-regulable\\\/#breadcrumb\"},\"inLanguage\":\"ca\",\"potentialAction\":[{\"@type\":\"ReadAction\",\"target\":[\"https:\\\/\\\/shop.caravaning-esguard.com\\\/product-category\\\/sample-product\\\/mesa-titan-115x75-55-regulable\\\/\"]}]},{\"@type\":\"ImageObject\",\"inLanguage\":\"ca\",\"@id\":\"https:\\\/\\\/shop.caravaning-esguard.com\\\/product-category\\\/sample-product\\\/mesa-titan-115x75-55-regulable\\\/#primaryimage\",\"url\":\"https:\\\/\\\/shop.caravaning-esguard.com\\\/wp-content\\\/uploads\\\/2023\\\/10\\\/bocamp_nl_1404642_1-3.jpg\",\"contentUrl\":\"https:\\\/\\\/shop.caravaning-esguard.com\\\/wp-content\\\/uploads\\\/2023\\\/10\\\/bocamp_nl_1404642_1-3.jpg\",\"width\":600,\"height\":764},{\"@type\":\"BreadcrumbList\",\"@id\":\"https:\\\/\\\/shop.caravaning-esguard.com\\\/product-category\\\/sample-product\\\/mesa-titan-115x75-55-regulable\\\/#breadcrumb\",\"itemListElement\":[{\"@type\":\"ListItem\",\"position\":1,\"name\":\"Home\",\"item\":\"https:\\\/\\\/shop.caravaning-esguard.com\\\/\"},{\"@type\":\"ListItem\",\"position\":2,\"name\":\"Productos\",\"item\":\"https:\\\/\\\/shop.caravaning-esguard.com\\\/poductos\\\/\"},{\"@type\":\"ListItem\",\"position\":3,\"name\":\"MESA TITAN 115X75\\\/55 REGULABLE\"}]},{\"@type\":\"WebSite\",\"@id\":\"https:\\\/\\\/shop.caravaning-esguard.com\\\/#website\",\"url\":\"https:\\\/\\\/shop.caravaning-esguard.com\\\/\",\"name\":\"Caravaning Esguard\",\"description\":\"Shop on line\",\"publisher\":{\"@id\":\"https:\\\/\\\/shop.caravaning-esguard.com\\\/#organization\"},\"potentialAction\":[{\"@type\":\"SearchAction\",\"target\":{\"@type\":\"EntryPoint\",\"urlTemplate\":\"https:\\\/\\\/shop.caravaning-esguard.com\\\/?s={search_term_string}\"},\"query-input\":{\"@type\":\"PropertyValueSpecification\",\"valueRequired\":true,\"valueName\":\"search_term_string\"}}],\"inLanguage\":\"ca\"},{\"@type\":\"Organization\",\"@id\":\"https:\\\/\\\/shop.caravaning-esguard.com\\\/#organization\",\"name\":\"Caravaning Esguard\",\"url\":\"https:\\\/\\\/shop.caravaning-esguard.com\\\/\",\"logo\":{\"@type\":\"ImageObject\",\"inLanguage\":\"ca\",\"@id\":\"https:\\\/\\\/shop.caravaning-esguard.com\\\/#\\\/schema\\\/logo\\\/image\\\/\",\"url\":\"https:\\\/\\\/shop.caravaning-esguard.com\\\/wp-content\\\/uploads\\\/2023\\\/09\\\/Accessorys-Camping-Santa-Cristina-dAro-Logo.png\",\"contentUrl\":\"https:\\\/\\\/shop.caravaning-esguard.com\\\/wp-content\\\/uploads\\\/2023\\\/09\\\/Accessorys-Camping-Santa-Cristina-dAro-Logo.png\",\"width\":228,\"height\":80,\"caption\":\"Caravaning Esguard\"},\"image\":{\"@id\":\"https:\\\/\\\/shop.caravaning-esguard.com\\\/#\\\/schema\\\/logo\\\/image\\\/\"},\"sameAs\":[\"https:\\\/\\\/www.facebook.com\\\/caravaningesguard\\\/\",\"https:\\\/\\\/www.instagram.com\\\/caravaningesguard\\\/\"]}]}<\/script>\n<!-- \/ Yoast SEO plugin. -->","yoast_head_json":{"title":"TAULA AJUSTIBLE TITAN 115X75\/55 - Caravaning Esguard","robots":{"index":"index","follow":"follow","max-snippet":"max-snippet:-1","max-image-preview":"max-image-preview:large","max-video-preview":"max-video-preview:-1"},"canonical":"https:\/\/shop.caravaning-esguard.com\/ca\/categoria-de-producte\/producte-de-mostra\/taula-titan-115-x-75-cm-dalcada-regulable\/","og_locale":"ca_ES","og_type":"article","og_title":"MESA TITAN 115X75\/55 REGULABLE - Caravaning Esguard","og_description":"90x60x38\/70.5 cm PESO 5,6KG Tablero de bamb\u00fa resistente a la humedad Patas de aluminio aeron\u00e1utico 4 Patas desmontables y regulables Altura regulable de 38 a 70,5 cm Incluye bolsa de transporte Plegado compacto: 90x31x8 cm","og_url":"https:\/\/shop.caravaning-esguard.com\/ca\/categoria-de-producte\/producte-de-mostra\/taula-titan-115-x-75-cm-dalcada-regulable\/","og_site_name":"Caravaning Esguard","article_publisher":"https:\/\/www.facebook.com\/caravaningesguard\/","article_modified_time":"2025-11-27T09:45:10+00:00","og_image":[{"width":600,"height":764,"url":"https:\/\/shop.caravaning-esguard.com\/wp-content\/uploads\/2023\/10\/bocamp_nl_1404642_1-3.jpg","type":"image\/jpeg"}],"twitter_card":"summary_large_image","schema":{"@context":"https:\/\/schema.org","@graph":[{"@type":"WebPage","@id":"https:\/\/shop.caravaning-esguard.com\/product-category\/sample-product\/mesa-titan-115x75-55-regulable\/","url":"https:\/\/shop.caravaning-esguard.com\/product-category\/sample-product\/mesa-titan-115x75-55-regulable\/","name":"TAULA AJUSTIBLE TITAN 115X75\/55 - Caravaning Esguard","isPartOf":{"@id":"https:\/\/shop.caravaning-esguard.com\/#website"},"primaryImageOfPage":{"@id":"https:\/\/shop.caravaning-esguard.com\/product-category\/sample-product\/mesa-titan-115x75-55-regulable\/#primaryimage"},"image":{"@id":"https:\/\/shop.caravaning-esguard.com\/product-category\/sample-product\/mesa-titan-115x75-55-regulable\/#primaryimage"},"thumbnailUrl":"https:\/\/shop.caravaning-esguard.com\/wp-content\/uploads\/2023\/10\/bocamp_nl_1404642_1-3.jpg","datePublished":"2023-10-24T10:50:17+00:00","dateModified":"2025-11-27T09:45:10+00:00","breadcrumb":{"@id":"https:\/\/shop.caravaning-esguard.com\/product-category\/sample-product\/mesa-titan-115x75-55-regulable\/#breadcrumb"},"inLanguage":"ca","potentialAction":[{"@type":"ReadAction","target":["https:\/\/shop.caravaning-esguard.com\/product-category\/sample-product\/mesa-titan-115x75-55-regulable\/"]}]},{"@type":"ImageObject","inLanguage":"ca","@id":"https:\/\/shop.caravaning-esguard.com\/product-category\/sample-product\/mesa-titan-115x75-55-regulable\/#primaryimage","url":"https:\/\/shop.caravaning-esguard.com\/wp-content\/uploads\/2023\/10\/bocamp_nl_1404642_1-3.jpg","contentUrl":"https:\/\/shop.caravaning-esguard.com\/wp-content\/uploads\/2023\/10\/bocamp_nl_1404642_1-3.jpg","width":600,"height":764},{"@type":"BreadcrumbList","@id":"https:\/\/shop.caravaning-esguard.com\/product-category\/sample-product\/mesa-titan-115x75-55-regulable\/#breadcrumb","itemListElement":[{"@type":"ListItem","position":1,"name":"Home","item":"https:\/\/shop.caravaning-esguard.com\/"},{"@type":"ListItem","position":2,"name":"Productos","item":"https:\/\/shop.caravaning-esguard.com\/poductos\/"},{"@type":"ListItem","position":3,"name":"MESA TITAN 115X75\/55 REGULABLE"}]},{"@type":"WebSite","@id":"https:\/\/shop.caravaning-esguard.com\/#website","url":"https:\/\/shop.caravaning-esguard.com\/","name":"Caravaning Esguard","description":"Compra en l\u00ednia","publisher":{"@id":"https:\/\/shop.caravaning-esguard.com\/#organization"},"potentialAction":[{"@type":"SearchAction","target":{"@type":"EntryPoint","urlTemplate":"https:\/\/shop.caravaning-esguard.com\/?s={search_term_string}"},"query-input":{"@type":"PropertyValueSpecification","valueRequired":true,"valueName":"search_term_string"}}],"inLanguage":"ca"},{"@type":"Organization","@id":"https:\/\/shop.caravaning-esguard.com\/#organization","name":"Caravaning Esguard","url":"https:\/\/shop.caravaning-esguard.com\/","logo":{"@type":"ImageObject","inLanguage":"ca","@id":"https:\/\/shop.caravaning-esguard.com\/#\/schema\/logo\/image\/","url":"https:\/\/shop.caravaning-esguard.com\/wp-content\/uploads\/2023\/09\/Accessorys-Camping-Santa-Cristina-dAro-Logo.png","contentUrl":"https:\/\/shop.caravaning-esguard.com\/wp-content\/uploads\/2023\/09\/Accessorys-Camping-Santa-Cristina-dAro-Logo.png","width":228,"height":80,"caption":"Caravaning Esguard"},"image":{"@id":"https:\/\/shop.caravaning-esguard.com\/#\/schema\/logo\/image\/"},"sameAs":["https:\/\/www.facebook.com\/caravaningesguard\/","https:\/\/www.instagram.com\/caravaningesguard\/"]}]}},"_links":{"self":[{"href":"https:\/\/shop.caravaning-esguard.com\/ca\/wp-json\/wp\/v2\/product\/1523","targetHints":{"allow":["GET"]}}],"collection":[{"href":"https:\/\/shop.caravaning-esguard.com\/ca\/wp-json\/wp\/v2\/product"}],"about":[{"href":"https:\/\/shop.caravaning-esguard.com\/ca\/wp-json\/wp\/v2\/types\/product"}],"version-history":[{"count":0,"href":"https:\/\/shop.caravaning-esguard.com\/ca\/wp-json\/wp\/v2\/product\/1523\/revisions"}],"wp:featuredmedia":[{"embeddable":true,"href":"https:\/\/shop.caravaning-esguard.com\/ca\/wp-json\/wp\/v2\/media\/1522"}],"wp:attachment":[{"href":"https:\/\/shop.caravaning-esguard.com\/ca\/wp-json\/wp\/v2\/media?parent=1523"}],"wp:term":[{"taxonomy":"product_brand","embeddable":true,"href":"https:\/\/shop.caravaning-esguard.com\/ca\/wp-json\/wp\/v2\/product_brand?post=1523"},{"taxonomy":"product_cat","embeddable":true,"href":"https:\/\/shop.caravaning-esguard.com\/ca\/wp-json\/wp\/v2\/product_cat?post=1523"},{"taxonomy":"product_tag","embeddable":true,"href":"https:\/\/shop.caravaning-esguard.com\/ca\/wp-json\/wp\/v2\/product_tag?post=1523"}],"curies":[{"name":"wp","href":"https:\/\/api.w.org\/{rel}","templated":true}]}}