{"id":1906,"date":"2023-10-24T12:52:33","date_gmt":"2023-10-24T10:52:33","guid":{"rendered":"https:\/\/shop.caravaning-esguard.com\/product-category\/sample-product\/avance-stela-350\/"},"modified":"2025-11-27T10:46:40","modified_gmt":"2025-11-27T09:46:40","slug":"previsualitzacio-de-stela-350","status":"publish","type":"product","link":"https:\/\/shop.caravaning-esguard.com\/ca\/product-category\/sample-product\/avance-stela-350\/","title":{"rendered":"Avan\u00e7ament de la STELA 350"},"content":{"rendered":"<p><span><br \/>\nDisponible en tres versions: est\u00e0ndard a 250 cm de profunditat, amb<br \/>\nespai addicional en la versi\u00f3 de 300 cm i una edici\u00f3 limitada especial en la versi\u00f3 de 350 cm. Ell<br \/>\nAquesta \u00e9s una previsualitzaci\u00f3 atractiva, que presenta un disseny nou i depurat i<br \/>\nuna combinaci\u00f3 de colors elegant com la de dos tons<br \/>\ngris.<\/span><\/p>\n<p><span><br \/>\nLa part davantera d'aquesta extensi\u00f3 consta de quatre a sis panells,<br \/>\nTots s\u00f3n extra\u00efbles i intercanviables. Tres o quatre d'ells<br \/>\nconsisteixen en finestres fixes amb un disseny senzill, mentre que l'altra(es) t\u00e9 un<br \/>\nuna porta corredissa que es pot moure a qualsevol posici\u00f3, oferint aix\u00ed tot<br \/>\nel potencial de transformaci\u00f3.<\/span><\/p>\n<p><span><br \/>\nCada panell lateral tamb\u00e9 \u00e9s extra\u00efble i compta amb una porta i<br \/>\nuna finestra amb frontissa i mosquitera. En el model de 350 cm<br \/>\nAfegirem una finestra fixa.<\/span><\/p>\n<p><span><br \/>\nAquest model es pot tancar completament, ja que t\u00e9 tapes.<br \/>\nles finestres; tamb\u00e9 es poden utilitzar com a persiana i, si es desitja,<br \/>\nEs pot instal\u00b7lar com a barana de balc\u00f3 a la part frontal i als costats.<\/span><\/p>\n<table border=\"&quot;0&quot;\" cellspacing=\"&quot;0&quot;\" cellpadding=\"&quot;0&quot;\" width=\"&quot;335&quot;\" align=\"&quot;center&quot;\">\n<tbody>\n<tr>\n<td class=\"&quot;titol-contingut&quot;\" height=\"&quot;20&quot;\" colspan=\"&quot;2&quot;\">\n<p>&nbsp;<\/p>\n<p>Caracter\u00edstiques<\/p>\n<\/td>\n<\/tr>\n<tr>\n<td class=\"&quot;contingut&quot;\" height=\"&quot;20&quot;\" width=\"&quot;115&quot;\">Profunditat<\/td>\n<td class=\"&quot;contingut&quot;\">\n<p>250 cm + 30 cm<br \/>\nVisera<\/p>\n<p>300 cm + 30 cm<br \/>\nVisera<\/p>\n<p>350 cm + visera de 30 cm<\/p>\n<\/td>\n<\/tr>\n<tr>\n<td class=\"&quot;contingut&quot;\" height=\"&quot;20&quot;\">COLORS<\/td>\n<td class=\"&quot;contingut&quot;\">Gris clar i gris fosc.<\/td>\n<\/tr>\n<tr>\n<td class=\"&quot;contingut&quot;\" height=\"&quot;20&quot;\">Teixits<\/td>\n<td class=\"&quot;contingut&quot;\">PVA poli\u00e8ster. Respirable<\/td>\n<\/tr>\n<tr>\n<td class=\"&quot;contingut&quot;\" height=\"&quot;20&quot;\">TEULADA<\/td>\n<td class=\"&quot;contingut&quot;\">Poli\u00e8ster PVA impr\u00e8s de color gris met\u00e0l\u00b7lic.<\/td>\n<\/tr>\n<tr>\n<td class=\"&quot;contingut&quot;\" height=\"&quot;20&quot;\">Visor<\/td>\n<td class=\"&quot;contingut&quot;\">Poli\u00e8ster PVA gris met\u00e0l\u00b7lic.<\/td>\n<\/tr>\n<tr>\n<td class=\"&quot;contingut&quot;\" height=\"&quot;20&quot;\">Davant\/Costat<\/td>\n<td class=\"&quot;contingut&quot;\">Poli\u00e8ster PVA gris de dos tons<\/td>\n<\/tr>\n<tr>\n<td class=\"&quot;contingut&quot;\" height=\"&quot;20&quot;\">SECCI\u00d3 INFERIOR<\/td>\n<td class=\"&quot;contingut&quot;\">PVC poli\u00e8ster gris antracita.<\/td>\n<\/tr>\n<tr>\n<td class=\"&quot;contingut&quot;\" height=\"&quot;20&quot;\">Faldilles<\/td>\n<td class=\"&quot;contingut&quot;\">Poli\u00e8ster PVC.<\/td>\n<\/tr>\n<tr>\n<td class=\"&quot;contingut&quot;\" height=\"&quot;20&quot;\">Mosquiteres<\/td>\n<td class=\"&quot;contingut&quot;\">Un de gran a cada panell lateral. .<\/td>\n<\/tr>\n<tr>\n<td class=\"&quot;contingut&quot;\" height=\"&quot;20&quot;\">TAPES<\/td>\n<td class=\"&quot;contingut&quot;\">PVA poli\u00e8ster. A totes les finestres.<\/td>\n<\/tr>\n<tr>\n<td class=\"&quot;contingut&quot;\" height=\"&quot;20&quot;\">VENTILACI\u00d3<\/td>\n<td class=\"&quot;contingut&quot;\">Mosquitera a la part superior del panell frontal.<\/td>\n<\/tr>\n<tr>\n<td class=\"&quot;contingut&quot;\" height=\"&quot;20&quot;\">ESTRUCTURA<\/td>\n<td class=\"&quot;contingut&quot;\">Acer galvanitzat de 25 mm.<\/td>\n<\/tr>\n<tr>\n<td class=\"&quot;contingut&quot;\" height=\"&quot;20&quot;\">Talles<\/td>\n<td class=\"&quot;contingut&quot;\">De 7,86 m (S) a 12,35 m (ZZ)<\/td>\n<\/tr>\n<tr>\n<td height=\"&quot;20&quot;\">&nbsp;<\/td>\n<td>&nbsp;<\/td>\n<\/tr>\n<\/tbody>\n<\/table>\n<table border=\"&quot;0&quot;\" cellspacing=\"&quot;0&quot;\" cellpadding=\"&quot;0&quot;\" width=\"&quot;335&quot;\" align=\"&quot;center&quot;\">\n<tbody>\n<tr>\n<td class=\"&quot;titol-contingut&quot;\" height=\"&quot;20&quot;\" width=\"&quot;170&quot;\">Opcional<\/td>\n<td class=\"&quot;titol-contingut&quot;\">&nbsp;<\/td>\n<\/tr>\n<tr>\n<td class=\"&quot;contingut&quot;\" height=\"&quot;20&quot;\"># Chinchas Uni<\/td>\n<td class=\"&quot;contingut&quot;\"># Doble Avan\u00e7at<\/td>\n<\/tr>\n<tr>\n<td height=\"&quot;20&quot;\"><span class=\"&quot;contingut&quot;\"># Pipes Balconera<\/span><\/td>\n<td><span class=\"&quot;contingut&quot;\">Marc de fibra de vidre # (nom\u00e9s per al 250)<br \/>\ncm)<\/span><\/td>\n<\/tr>\n<tr>\n<td height=\"&quot;20&quot;\"><span class=\"&quot;contingut&quot;\"># Habitaci\u00f3 interior<\/span><\/td>\n<td><span class=\"&quot;contingut&quot;\">Opci\u00f3 de sostre # Trevira PVC de 250<\/span><\/td>\n<\/tr>\n<tr>\n<td height=\"&quot;20&quot;\"><span class=\"&quot;contingut&quot;\">Annex #<\/span><\/td>\n<td><span class=\"&quot;contingut&quot;\"># Fixaci\u00f3 r\u00e0pida<\/span><\/td>\n<\/tr>\n<tr>\n<td height=\"&quot;20&quot;\" colspan=\"&quot;2&quot;\"><span class=\"&quot;contingut&quot;\">#<\/span><span class=\"&quot;Apple-converted-space&quot;\">&nbsp;<\/span><span class=\"&quot;contingut&quot;\">Vel\u00b7lum<\/span><\/td>\n<\/tr>\n<\/tbody>\n<\/table>","protected":false},"excerpt":{"rendered":"<p>Disponible en tres versiones: standard en 250cm de profundidad, con espacio extra en 300 cms. y especial serie limitada en 350 cms. Se trata de un atractivo avanc\u00e9, con un nuevo y depurado dise\u00f1o y una elegante combinaci\u00f3n de colores como son el bitono de grises. El frontal de este avanc\u00e9 se compone de cuatro<br \/><a class=\"moretag\" href=\"https:\/\/shop.caravaning-esguard.com\/ca\/product-category\/sample-product\/avance-stela-350\/\">+ Read More<\/a><\/p>","protected":false},"featured_media":1900,"template":"","meta":[],"product_brand":[],"product_cat":[171],"product_tag":[],"class_list":{"0":"post-1906","1":"product","2":"type-product","3":"status-publish","4":"has-post-thumbnail","6":"product_cat-avances","8":"first","9":"outofstock","10":"taxable","11":"shipping-taxable","12":"product-type-variable"},"yoast_head":"<!-- This site is optimized with the Yoast SEO plugin v27.3 - https:\/\/yoast.com\/product\/yoast-seo-wordpress\/ -->\n<title>AVANCE STELA 350 - Caravaning Esguard<\/title>\n<meta name=\"robots\" content=\"index, follow, max-snippet:-1, max-image-preview:large, max-video-preview:-1\" \/>\n<link rel=\"canonical\" href=\"https:\/\/shop.caravaning-esguard.com\/ca\/categoria-de-producte\/producte-de-mostra\/previsualitzacio-de-stela-350\/\" \/>\n<meta property=\"og:locale\" content=\"ca_ES\" \/>\n<meta property=\"og:type\" content=\"article\" \/>\n<meta property=\"og:title\" content=\"AVANCE STELA 350 - Caravaning Esguard\" \/>\n<meta property=\"og:description\" content=\"Disponible en tres versiones: standard en 250cm de profundidad, con espacio extra en 300 cms. y especial serie limitada en 350 cms. Se trata de un atractivo avanc\u00e9, con un nuevo y depurado dise\u00f1o y una elegante combinaci\u00f3n de colores como son el bitono de grises. El frontal de este avanc\u00e9 se compone de cuatro+ Read More\" \/>\n<meta property=\"og:url\" content=\"https:\/\/shop.caravaning-esguard.com\/ca\/categoria-de-producte\/producte-de-mostra\/previsualitzacio-de-stela-350\/\" \/>\n<meta property=\"og:site_name\" content=\"Caravaning Esguard\" \/>\n<meta property=\"article:publisher\" content=\"https:\/\/www.facebook.com\/caravaningesguard\/\" \/>\n<meta property=\"article:modified_time\" content=\"2025-11-27T09:46:40+00:00\" \/>\n<meta property=\"og:image\" content=\"https:\/\/shop.caravaning-esguard.com\/wp-content\/uploads\/2023\/10\/4568-1.jpg\" \/>\n\t<meta property=\"og:image:width\" content=\"1089\" \/>\n\t<meta property=\"og:image:height\" content=\"806\" \/>\n\t<meta property=\"og:image:type\" content=\"image\/jpeg\" \/>\n<meta name=\"twitter:card\" content=\"summary_large_image\" \/>\n<meta name=\"twitter:label1\" content=\"Temps estimat de lectura\" \/>\n\t<meta name=\"twitter:data1\" content=\"1 minut\" \/>\n<script type=\"application\/ld+json\" class=\"yoast-schema-graph\">{\"@context\":\"https:\\\/\\\/schema.org\",\"@graph\":[{\"@type\":\"WebPage\",\"@id\":\"https:\\\/\\\/shop.caravaning-esguard.com\\\/product-category\\\/sample-product\\\/avance-stela-350\\\/\",\"url\":\"https:\\\/\\\/shop.caravaning-esguard.com\\\/product-category\\\/sample-product\\\/avance-stela-350\\\/\",\"name\":\"AVANCE STELA 350 - Caravaning Esguard\",\"isPartOf\":{\"@id\":\"https:\\\/\\\/shop.caravaning-esguard.com\\\/#website\"},\"primaryImageOfPage\":{\"@id\":\"https:\\\/\\\/shop.caravaning-esguard.com\\\/product-category\\\/sample-product\\\/avance-stela-350\\\/#primaryimage\"},\"image\":{\"@id\":\"https:\\\/\\\/shop.caravaning-esguard.com\\\/product-category\\\/sample-product\\\/avance-stela-350\\\/#primaryimage\"},\"thumbnailUrl\":\"https:\\\/\\\/shop.caravaning-esguard.com\\\/wp-content\\\/uploads\\\/2023\\\/10\\\/4568-1.jpg\",\"datePublished\":\"2023-10-24T10:52:33+00:00\",\"dateModified\":\"2025-11-27T09:46:40+00:00\",\"breadcrumb\":{\"@id\":\"https:\\\/\\\/shop.caravaning-esguard.com\\\/product-category\\\/sample-product\\\/avance-stela-350\\\/#breadcrumb\"},\"inLanguage\":\"ca\",\"potentialAction\":[{\"@type\":\"ReadAction\",\"target\":[\"https:\\\/\\\/shop.caravaning-esguard.com\\\/product-category\\\/sample-product\\\/avance-stela-350\\\/\"]}]},{\"@type\":\"ImageObject\",\"inLanguage\":\"ca\",\"@id\":\"https:\\\/\\\/shop.caravaning-esguard.com\\\/product-category\\\/sample-product\\\/avance-stela-350\\\/#primaryimage\",\"url\":\"https:\\\/\\\/shop.caravaning-esguard.com\\\/wp-content\\\/uploads\\\/2023\\\/10\\\/4568-1.jpg\",\"contentUrl\":\"https:\\\/\\\/shop.caravaning-esguard.com\\\/wp-content\\\/uploads\\\/2023\\\/10\\\/4568-1.jpg\",\"width\":1089,\"height\":806},{\"@type\":\"BreadcrumbList\",\"@id\":\"https:\\\/\\\/shop.caravaning-esguard.com\\\/product-category\\\/sample-product\\\/avance-stela-350\\\/#breadcrumb\",\"itemListElement\":[{\"@type\":\"ListItem\",\"position\":1,\"name\":\"Home\",\"item\":\"https:\\\/\\\/shop.caravaning-esguard.com\\\/\"},{\"@type\":\"ListItem\",\"position\":2,\"name\":\"Productos\",\"item\":\"https:\\\/\\\/shop.caravaning-esguard.com\\\/poductos\\\/\"},{\"@type\":\"ListItem\",\"position\":3,\"name\":\"AVANCE STELA 350\"}]},{\"@type\":\"WebSite\",\"@id\":\"https:\\\/\\\/shop.caravaning-esguard.com\\\/#website\",\"url\":\"https:\\\/\\\/shop.caravaning-esguard.com\\\/\",\"name\":\"Caravaning Esguard\",\"description\":\"Shop on line\",\"publisher\":{\"@id\":\"https:\\\/\\\/shop.caravaning-esguard.com\\\/#organization\"},\"potentialAction\":[{\"@type\":\"SearchAction\",\"target\":{\"@type\":\"EntryPoint\",\"urlTemplate\":\"https:\\\/\\\/shop.caravaning-esguard.com\\\/?s={search_term_string}\"},\"query-input\":{\"@type\":\"PropertyValueSpecification\",\"valueRequired\":true,\"valueName\":\"search_term_string\"}}],\"inLanguage\":\"ca\"},{\"@type\":\"Organization\",\"@id\":\"https:\\\/\\\/shop.caravaning-esguard.com\\\/#organization\",\"name\":\"Caravaning Esguard\",\"url\":\"https:\\\/\\\/shop.caravaning-esguard.com\\\/\",\"logo\":{\"@type\":\"ImageObject\",\"inLanguage\":\"ca\",\"@id\":\"https:\\\/\\\/shop.caravaning-esguard.com\\\/#\\\/schema\\\/logo\\\/image\\\/\",\"url\":\"https:\\\/\\\/shop.caravaning-esguard.com\\\/wp-content\\\/uploads\\\/2023\\\/09\\\/Accessorys-Camping-Santa-Cristina-dAro-Logo.png\",\"contentUrl\":\"https:\\\/\\\/shop.caravaning-esguard.com\\\/wp-content\\\/uploads\\\/2023\\\/09\\\/Accessorys-Camping-Santa-Cristina-dAro-Logo.png\",\"width\":228,\"height\":80,\"caption\":\"Caravaning Esguard\"},\"image\":{\"@id\":\"https:\\\/\\\/shop.caravaning-esguard.com\\\/#\\\/schema\\\/logo\\\/image\\\/\"},\"sameAs\":[\"https:\\\/\\\/www.facebook.com\\\/caravaningesguard\\\/\",\"https:\\\/\\\/www.instagram.com\\\/caravaningesguard\\\/\"]}]}<\/script>\n<!-- \/ Yoast SEO plugin. -->","yoast_head_json":{"title":"Avan\u00e7ament STELA 350 - Caravaning Esguard","robots":{"index":"index","follow":"follow","max-snippet":"max-snippet:-1","max-image-preview":"max-image-preview:large","max-video-preview":"max-video-preview:-1"},"canonical":"https:\/\/shop.caravaning-esguard.com\/ca\/categoria-de-producte\/producte-de-mostra\/previsualitzacio-de-stela-350\/","og_locale":"ca_ES","og_type":"article","og_title":"AVANCE STELA 350 - Caravaning Esguard","og_description":"Disponible en tres versiones: standard en 250cm de profundidad, con espacio extra en 300 cms. y especial serie limitada en 350 cms. Se trata de un atractivo avanc\u00e9, con un nuevo y depurado dise\u00f1o y una elegante combinaci\u00f3n de colores como son el bitono de grises. El frontal de este avanc\u00e9 se compone de cuatro+ Read More","og_url":"https:\/\/shop.caravaning-esguard.com\/ca\/categoria-de-producte\/producte-de-mostra\/previsualitzacio-de-stela-350\/","og_site_name":"Caravaning Esguard","article_publisher":"https:\/\/www.facebook.com\/caravaningesguard\/","article_modified_time":"2025-11-27T09:46:40+00:00","og_image":[{"width":1089,"height":806,"url":"https:\/\/shop.caravaning-esguard.com\/wp-content\/uploads\/2023\/10\/4568-1.jpg","type":"image\/jpeg"}],"twitter_card":"summary_large_image","twitter_misc":{"Temps estimat de lectura":"1 minut"},"schema":{"@context":"https:\/\/schema.org","@graph":[{"@type":"WebPage","@id":"https:\/\/shop.caravaning-esguard.com\/product-category\/sample-product\/avance-stela-350\/","url":"https:\/\/shop.caravaning-esguard.com\/product-category\/sample-product\/avance-stela-350\/","name":"Avan\u00e7ament STELA 350 - Caravaning Esguard","isPartOf":{"@id":"https:\/\/shop.caravaning-esguard.com\/#website"},"primaryImageOfPage":{"@id":"https:\/\/shop.caravaning-esguard.com\/product-category\/sample-product\/avance-stela-350\/#primaryimage"},"image":{"@id":"https:\/\/shop.caravaning-esguard.com\/product-category\/sample-product\/avance-stela-350\/#primaryimage"},"thumbnailUrl":"https:\/\/shop.caravaning-esguard.com\/wp-content\/uploads\/2023\/10\/4568-1.jpg","datePublished":"2023-10-24T10:52:33+00:00","dateModified":"2025-11-27T09:46:40+00:00","breadcrumb":{"@id":"https:\/\/shop.caravaning-esguard.com\/product-category\/sample-product\/avance-stela-350\/#breadcrumb"},"inLanguage":"ca","potentialAction":[{"@type":"ReadAction","target":["https:\/\/shop.caravaning-esguard.com\/product-category\/sample-product\/avance-stela-350\/"]}]},{"@type":"ImageObject","inLanguage":"ca","@id":"https:\/\/shop.caravaning-esguard.com\/product-category\/sample-product\/avance-stela-350\/#primaryimage","url":"https:\/\/shop.caravaning-esguard.com\/wp-content\/uploads\/2023\/10\/4568-1.jpg","contentUrl":"https:\/\/shop.caravaning-esguard.com\/wp-content\/uploads\/2023\/10\/4568-1.jpg","width":1089,"height":806},{"@type":"BreadcrumbList","@id":"https:\/\/shop.caravaning-esguard.com\/product-category\/sample-product\/avance-stela-350\/#breadcrumb","itemListElement":[{"@type":"ListItem","position":1,"name":"Home","item":"https:\/\/shop.caravaning-esguard.com\/"},{"@type":"ListItem","position":2,"name":"Productos","item":"https:\/\/shop.caravaning-esguard.com\/poductos\/"},{"@type":"ListItem","position":3,"name":"AVANCE STELA 350"}]},{"@type":"WebSite","@id":"https:\/\/shop.caravaning-esguard.com\/#website","url":"https:\/\/shop.caravaning-esguard.com\/","name":"Caravaning Esguard","description":"Compra en l\u00ednia","publisher":{"@id":"https:\/\/shop.caravaning-esguard.com\/#organization"},"potentialAction":[{"@type":"SearchAction","target":{"@type":"EntryPoint","urlTemplate":"https:\/\/shop.caravaning-esguard.com\/?s={search_term_string}"},"query-input":{"@type":"PropertyValueSpecification","valueRequired":true,"valueName":"search_term_string"}}],"inLanguage":"ca"},{"@type":"Organization","@id":"https:\/\/shop.caravaning-esguard.com\/#organization","name":"Caravaning Esguard","url":"https:\/\/shop.caravaning-esguard.com\/","logo":{"@type":"ImageObject","inLanguage":"ca","@id":"https:\/\/shop.caravaning-esguard.com\/#\/schema\/logo\/image\/","url":"https:\/\/shop.caravaning-esguard.com\/wp-content\/uploads\/2023\/09\/Accessorys-Camping-Santa-Cristina-dAro-Logo.png","contentUrl":"https:\/\/shop.caravaning-esguard.com\/wp-content\/uploads\/2023\/09\/Accessorys-Camping-Santa-Cristina-dAro-Logo.png","width":228,"height":80,"caption":"Caravaning Esguard"},"image":{"@id":"https:\/\/shop.caravaning-esguard.com\/#\/schema\/logo\/image\/"},"sameAs":["https:\/\/www.facebook.com\/caravaningesguard\/","https:\/\/www.instagram.com\/caravaningesguard\/"]}]}},"_links":{"self":[{"href":"https:\/\/shop.caravaning-esguard.com\/ca\/wp-json\/wp\/v2\/product\/1906","targetHints":{"allow":["GET"]}}],"collection":[{"href":"https:\/\/shop.caravaning-esguard.com\/ca\/wp-json\/wp\/v2\/product"}],"about":[{"href":"https:\/\/shop.caravaning-esguard.com\/ca\/wp-json\/wp\/v2\/types\/product"}],"version-history":[{"count":0,"href":"https:\/\/shop.caravaning-esguard.com\/ca\/wp-json\/wp\/v2\/product\/1906\/revisions"}],"wp:featuredmedia":[{"embeddable":true,"href":"https:\/\/shop.caravaning-esguard.com\/ca\/wp-json\/wp\/v2\/media\/1900"}],"wp:attachment":[{"href":"https:\/\/shop.caravaning-esguard.com\/ca\/wp-json\/wp\/v2\/media?parent=1906"}],"wp:term":[{"taxonomy":"product_brand","embeddable":true,"href":"https:\/\/shop.caravaning-esguard.com\/ca\/wp-json\/wp\/v2\/product_brand?post=1906"},{"taxonomy":"product_cat","embeddable":true,"href":"https:\/\/shop.caravaning-esguard.com\/ca\/wp-json\/wp\/v2\/product_cat?post=1906"},{"taxonomy":"product_tag","embeddable":true,"href":"https:\/\/shop.caravaning-esguard.com\/ca\/wp-json\/wp\/v2\/product_tag?post=1906"}],"curies":[{"name":"wp","href":"https:\/\/api.w.org\/{rel}","templated":true}]}}