{"id":548,"date":"2023-10-24T12:13:53","date_gmt":"2023-10-24T10:13:53","guid":{"rendered":"https:\/\/shop.caravaning-esguard.com\/product-category\/sample-product\/armari-jum-box-hst-ng-gris\/"},"modified":"2025-11-27T10:42:58","modified_gmt":"2025-11-27T09:42:58","slug":"armari-gris-hst-ng","status":"publish","type":"product","link":"https:\/\/shop.caravaning-esguard.com\/ca\/product-category\/sample-product\/armari-jum-box-hst-ng-gris\/","title":{"rendered":"JUM BOX HST NG ARMARI GREU"},"content":{"rendered":"<p>Armari multifuncional d'\u00faltima generaci\u00f3. Marc d'alumini cobert per fora amb teixit de poli\u00e8ster reciclat d'alta qualitat i folrat per dins. El muntatge i el desmuntatge es poden fer de manera f\u00e0cil i r\u00e0pida gr\u00e0cies al nou disseny patentat. L'espai interior tamb\u00e9 \u00e9s pr\u00e0ctic, amb compartiments ajustables i prestatges extra\u00efbles que permeten un \u00fas molt flexible d'aquesta moderna gamma d'armaris. Construcci\u00f3 s\u00f2lida amb corretges estabilitzadores \u00fatils unides a la part posterior. Tots els models inclouen una bossa de transport. Caracter\u00edstiques del producte: ? Potes d'al\u00e7ada regulable ? Prestatges amb vores refor\u00e7ades ? Prestatges extra\u00efbles amb butxaques integrades ? Penjador extra\u00efble (nom\u00e9s en versions seleccionades) ? Ventilaci\u00f3 amb mosquiteres a la part posterior ? Butxaques laterals<br \/>\n100 x 47 x 145 cm (dimensions desplegat)<br \/>\n101 x 48 x 13 cm (mides tancat)<br \/>\nPes de 12,5 kg<br \/>\n100% Reciclatge de PET (Tereftalat de polietil\u00e8)<\/p>","protected":false},"excerpt":{"rendered":"<p>Armarios multiusos de \u00faltima generaci\u00f3n. Estructura en aluminio revestida con tejido externo en Recycling-Polyester de alta calidad recubiertos internamente. Montaje y demontaje se pueden realizar f\u00e1cilmente y en poco tiempo gracias al nuevo dise\u00f1o patentado. C\u00f3modo tambi\u00e9n el espacio interno con subdivisiones variables, estantes extra\u00edbles que permiten una utilizaci\u00f3n muy flexible de esta moderna l\u00ednea<br \/><a class=\"moretag\" href=\"https:\/\/shop.caravaning-esguard.com\/ca\/product-category\/sample-product\/armari-jum-box-hst-ng-gris\/\">+ Read More<\/a><\/p>","protected":false},"featured_media":1030,"template":"","meta":[],"product_brand":[],"product_cat":[143],"product_tag":[],"class_list":{"0":"post-548","1":"product","2":"type-product","3":"status-publish","4":"has-post-thumbnail","6":"product_cat-armarios","8":"first","9":"outofstock","10":"taxable","11":"shipping-taxable","12":"purchasable","13":"product-type-simple"},"yoast_head":"<!-- This site is optimized with the Yoast SEO plugin v27.3 - https:\/\/yoast.com\/product\/yoast-seo-wordpress\/ -->\n<title>ARMARI JUM BOX HST NG GRIS - Caravaning Esguard<\/title>\n<meta name=\"robots\" content=\"index, follow, max-snippet:-1, max-image-preview:large, max-video-preview:-1\" \/>\n<link rel=\"canonical\" href=\"https:\/\/shop.caravaning-esguard.com\/ca\/categoria-de-producte\/producte-de-mostra\/armari-gris-hst-ng\/\" \/>\n<meta property=\"og:locale\" content=\"ca_ES\" \/>\n<meta property=\"og:type\" content=\"article\" \/>\n<meta property=\"og:title\" content=\"ARMARI JUM BOX HST NG GRIS - Caravaning Esguard\" \/>\n<meta property=\"og:description\" content=\"Armarios multiusos de \u00faltima generaci\u00f3n. Estructura en aluminio revestida con tejido externo en Recycling-Polyester de alta calidad recubiertos internamente. Montaje y demontaje se pueden realizar f\u00e1cilmente y en poco tiempo gracias al nuevo dise\u00f1o patentado. C\u00f3modo tambi\u00e9n el espacio interno con subdivisiones variables, estantes extra\u00edbles que permiten una utilizaci\u00f3n muy flexible de esta moderna l\u00ednea+ Read More\" \/>\n<meta property=\"og:url\" content=\"https:\/\/shop.caravaning-esguard.com\/ca\/categoria-de-producte\/producte-de-mostra\/armari-gris-hst-ng\/\" \/>\n<meta property=\"og:site_name\" content=\"Caravaning Esguard\" \/>\n<meta property=\"article:publisher\" content=\"https:\/\/www.facebook.com\/caravaningesguard\/\" \/>\n<meta property=\"article:modified_time\" content=\"2025-11-27T09:42:58+00:00\" \/>\n<meta property=\"og:image\" content=\"https:\/\/shop.caravaning-esguard.com\/wp-content\/uploads\/2023\/10\/4400-2.jpg\" \/>\n\t<meta property=\"og:image:width\" content=\"619\" \/>\n\t<meta property=\"og:image:height\" content=\"823\" \/>\n\t<meta property=\"og:image:type\" content=\"image\/jpeg\" \/>\n<meta name=\"twitter:card\" content=\"summary_large_image\" \/>\n<meta name=\"twitter:label1\" content=\"Temps estimat de lectura\" \/>\n\t<meta name=\"twitter:data1\" content=\"1 minut\" \/>\n<script type=\"application\/ld+json\" class=\"yoast-schema-graph\">{\"@context\":\"https:\\\/\\\/schema.org\",\"@graph\":[{\"@type\":\"WebPage\",\"@id\":\"https:\\\/\\\/shop.caravaning-esguard.com\\\/product-category\\\/sample-product\\\/armari-jum-box-hst-ng-gris\\\/\",\"url\":\"https:\\\/\\\/shop.caravaning-esguard.com\\\/product-category\\\/sample-product\\\/armari-jum-box-hst-ng-gris\\\/\",\"name\":\"ARMARI JUM BOX HST NG GRIS - Caravaning Esguard\",\"isPartOf\":{\"@id\":\"https:\\\/\\\/shop.caravaning-esguard.com\\\/#website\"},\"primaryImageOfPage\":{\"@id\":\"https:\\\/\\\/shop.caravaning-esguard.com\\\/product-category\\\/sample-product\\\/armari-jum-box-hst-ng-gris\\\/#primaryimage\"},\"image\":{\"@id\":\"https:\\\/\\\/shop.caravaning-esguard.com\\\/product-category\\\/sample-product\\\/armari-jum-box-hst-ng-gris\\\/#primaryimage\"},\"thumbnailUrl\":\"https:\\\/\\\/shop.caravaning-esguard.com\\\/wp-content\\\/uploads\\\/2023\\\/10\\\/4400-2.jpg\",\"datePublished\":\"2023-10-24T10:13:53+00:00\",\"dateModified\":\"2025-11-27T09:42:58+00:00\",\"breadcrumb\":{\"@id\":\"https:\\\/\\\/shop.caravaning-esguard.com\\\/product-category\\\/sample-product\\\/armari-jum-box-hst-ng-gris\\\/#breadcrumb\"},\"inLanguage\":\"ca\",\"potentialAction\":[{\"@type\":\"ReadAction\",\"target\":[\"https:\\\/\\\/shop.caravaning-esguard.com\\\/product-category\\\/sample-product\\\/armari-jum-box-hst-ng-gris\\\/\"]}]},{\"@type\":\"ImageObject\",\"inLanguage\":\"ca\",\"@id\":\"https:\\\/\\\/shop.caravaning-esguard.com\\\/product-category\\\/sample-product\\\/armari-jum-box-hst-ng-gris\\\/#primaryimage\",\"url\":\"https:\\\/\\\/shop.caravaning-esguard.com\\\/wp-content\\\/uploads\\\/2023\\\/10\\\/4400-2.jpg\",\"contentUrl\":\"https:\\\/\\\/shop.caravaning-esguard.com\\\/wp-content\\\/uploads\\\/2023\\\/10\\\/4400-2.jpg\",\"width\":619,\"height\":823},{\"@type\":\"BreadcrumbList\",\"@id\":\"https:\\\/\\\/shop.caravaning-esguard.com\\\/product-category\\\/sample-product\\\/armari-jum-box-hst-ng-gris\\\/#breadcrumb\",\"itemListElement\":[{\"@type\":\"ListItem\",\"position\":1,\"name\":\"Home\",\"item\":\"https:\\\/\\\/shop.caravaning-esguard.com\\\/\"},{\"@type\":\"ListItem\",\"position\":2,\"name\":\"Productos\",\"item\":\"https:\\\/\\\/shop.caravaning-esguard.com\\\/poductos\\\/\"},{\"@type\":\"ListItem\",\"position\":3,\"name\":\"ARMARI JUM BOX HST NG GRIS\"}]},{\"@type\":\"WebSite\",\"@id\":\"https:\\\/\\\/shop.caravaning-esguard.com\\\/#website\",\"url\":\"https:\\\/\\\/shop.caravaning-esguard.com\\\/\",\"name\":\"Caravaning Esguard\",\"description\":\"Shop on line\",\"publisher\":{\"@id\":\"https:\\\/\\\/shop.caravaning-esguard.com\\\/#organization\"},\"potentialAction\":[{\"@type\":\"SearchAction\",\"target\":{\"@type\":\"EntryPoint\",\"urlTemplate\":\"https:\\\/\\\/shop.caravaning-esguard.com\\\/?s={search_term_string}\"},\"query-input\":{\"@type\":\"PropertyValueSpecification\",\"valueRequired\":true,\"valueName\":\"search_term_string\"}}],\"inLanguage\":\"ca\"},{\"@type\":\"Organization\",\"@id\":\"https:\\\/\\\/shop.caravaning-esguard.com\\\/#organization\",\"name\":\"Caravaning Esguard\",\"url\":\"https:\\\/\\\/shop.caravaning-esguard.com\\\/\",\"logo\":{\"@type\":\"ImageObject\",\"inLanguage\":\"ca\",\"@id\":\"https:\\\/\\\/shop.caravaning-esguard.com\\\/#\\\/schema\\\/logo\\\/image\\\/\",\"url\":\"https:\\\/\\\/shop.caravaning-esguard.com\\\/wp-content\\\/uploads\\\/2023\\\/09\\\/Accessorys-Camping-Santa-Cristina-dAro-Logo.png\",\"contentUrl\":\"https:\\\/\\\/shop.caravaning-esguard.com\\\/wp-content\\\/uploads\\\/2023\\\/09\\\/Accessorys-Camping-Santa-Cristina-dAro-Logo.png\",\"width\":228,\"height\":80,\"caption\":\"Caravaning Esguard\"},\"image\":{\"@id\":\"https:\\\/\\\/shop.caravaning-esguard.com\\\/#\\\/schema\\\/logo\\\/image\\\/\"},\"sameAs\":[\"https:\\\/\\\/www.facebook.com\\\/caravaningesguard\\\/\",\"https:\\\/\\\/www.instagram.com\\\/caravaningesguard\\\/\"]}]}<\/script>\n<!-- \/ Yoast SEO plugin. -->","yoast_head_json":{"title":"JUM BOX HST NG GREY CABINET - Caravaning Esguard","robots":{"index":"index","follow":"follow","max-snippet":"max-snippet:-1","max-image-preview":"max-image-preview:large","max-video-preview":"max-video-preview:-1"},"canonical":"https:\/\/shop.caravaning-esguard.com\/ca\/categoria-de-producte\/producte-de-mostra\/armari-gris-hst-ng\/","og_locale":"ca_ES","og_type":"article","og_title":"ARMARI JUM BOX HST NG GRIS - Caravaning Esguard","og_description":"Armarios multiusos de \u00faltima generaci\u00f3n. Estructura en aluminio revestida con tejido externo en Recycling-Polyester de alta calidad recubiertos internamente. Montaje y demontaje se pueden realizar f\u00e1cilmente y en poco tiempo gracias al nuevo dise\u00f1o patentado. C\u00f3modo tambi\u00e9n el espacio interno con subdivisiones variables, estantes extra\u00edbles que permiten una utilizaci\u00f3n muy flexible de esta moderna l\u00ednea+ Read More","og_url":"https:\/\/shop.caravaning-esguard.com\/ca\/categoria-de-producte\/producte-de-mostra\/armari-gris-hst-ng\/","og_site_name":"Caravaning Esguard","article_publisher":"https:\/\/www.facebook.com\/caravaningesguard\/","article_modified_time":"2025-11-27T09:42:58+00:00","og_image":[{"width":619,"height":823,"url":"https:\/\/shop.caravaning-esguard.com\/wp-content\/uploads\/2023\/10\/4400-2.jpg","type":"image\/jpeg"}],"twitter_card":"summary_large_image","twitter_misc":{"Temps estimat de lectura":"1 minut"},"schema":{"@context":"https:\/\/schema.org","@graph":[{"@type":"WebPage","@id":"https:\/\/shop.caravaning-esguard.com\/product-category\/sample-product\/armari-jum-box-hst-ng-gris\/","url":"https:\/\/shop.caravaning-esguard.com\/product-category\/sample-product\/armari-jum-box-hst-ng-gris\/","name":"JUM BOX HST NG GREY CABINET - Caravaning Esguard","isPartOf":{"@id":"https:\/\/shop.caravaning-esguard.com\/#website"},"primaryImageOfPage":{"@id":"https:\/\/shop.caravaning-esguard.com\/product-category\/sample-product\/armari-jum-box-hst-ng-gris\/#primaryimage"},"image":{"@id":"https:\/\/shop.caravaning-esguard.com\/product-category\/sample-product\/armari-jum-box-hst-ng-gris\/#primaryimage"},"thumbnailUrl":"https:\/\/shop.caravaning-esguard.com\/wp-content\/uploads\/2023\/10\/4400-2.jpg","datePublished":"2023-10-24T10:13:53+00:00","dateModified":"2025-11-27T09:42:58+00:00","breadcrumb":{"@id":"https:\/\/shop.caravaning-esguard.com\/product-category\/sample-product\/armari-jum-box-hst-ng-gris\/#breadcrumb"},"inLanguage":"ca","potentialAction":[{"@type":"ReadAction","target":["https:\/\/shop.caravaning-esguard.com\/product-category\/sample-product\/armari-jum-box-hst-ng-gris\/"]}]},{"@type":"ImageObject","inLanguage":"ca","@id":"https:\/\/shop.caravaning-esguard.com\/product-category\/sample-product\/armari-jum-box-hst-ng-gris\/#primaryimage","url":"https:\/\/shop.caravaning-esguard.com\/wp-content\/uploads\/2023\/10\/4400-2.jpg","contentUrl":"https:\/\/shop.caravaning-esguard.com\/wp-content\/uploads\/2023\/10\/4400-2.jpg","width":619,"height":823},{"@type":"BreadcrumbList","@id":"https:\/\/shop.caravaning-esguard.com\/product-category\/sample-product\/armari-jum-box-hst-ng-gris\/#breadcrumb","itemListElement":[{"@type":"ListItem","position":1,"name":"Home","item":"https:\/\/shop.caravaning-esguard.com\/"},{"@type":"ListItem","position":2,"name":"Productos","item":"https:\/\/shop.caravaning-esguard.com\/poductos\/"},{"@type":"ListItem","position":3,"name":"ARMARI JUM BOX HST NG GRIS"}]},{"@type":"WebSite","@id":"https:\/\/shop.caravaning-esguard.com\/#website","url":"https:\/\/shop.caravaning-esguard.com\/","name":"Caravaning Esguard","description":"Compra en l\u00ednia","publisher":{"@id":"https:\/\/shop.caravaning-esguard.com\/#organization"},"potentialAction":[{"@type":"SearchAction","target":{"@type":"EntryPoint","urlTemplate":"https:\/\/shop.caravaning-esguard.com\/?s={search_term_string}"},"query-input":{"@type":"PropertyValueSpecification","valueRequired":true,"valueName":"search_term_string"}}],"inLanguage":"ca"},{"@type":"Organization","@id":"https:\/\/shop.caravaning-esguard.com\/#organization","name":"Caravaning Esguard","url":"https:\/\/shop.caravaning-esguard.com\/","logo":{"@type":"ImageObject","inLanguage":"ca","@id":"https:\/\/shop.caravaning-esguard.com\/#\/schema\/logo\/image\/","url":"https:\/\/shop.caravaning-esguard.com\/wp-content\/uploads\/2023\/09\/Accessorys-Camping-Santa-Cristina-dAro-Logo.png","contentUrl":"https:\/\/shop.caravaning-esguard.com\/wp-content\/uploads\/2023\/09\/Accessorys-Camping-Santa-Cristina-dAro-Logo.png","width":228,"height":80,"caption":"Caravaning Esguard"},"image":{"@id":"https:\/\/shop.caravaning-esguard.com\/#\/schema\/logo\/image\/"},"sameAs":["https:\/\/www.facebook.com\/caravaningesguard\/","https:\/\/www.instagram.com\/caravaningesguard\/"]}]}},"_links":{"self":[{"href":"https:\/\/shop.caravaning-esguard.com\/ca\/wp-json\/wp\/v2\/product\/548","targetHints":{"allow":["GET"]}}],"collection":[{"href":"https:\/\/shop.caravaning-esguard.com\/ca\/wp-json\/wp\/v2\/product"}],"about":[{"href":"https:\/\/shop.caravaning-esguard.com\/ca\/wp-json\/wp\/v2\/types\/product"}],"version-history":[{"count":0,"href":"https:\/\/shop.caravaning-esguard.com\/ca\/wp-json\/wp\/v2\/product\/548\/revisions"}],"wp:featuredmedia":[{"embeddable":true,"href":"https:\/\/shop.caravaning-esguard.com\/ca\/wp-json\/wp\/v2\/media\/1030"}],"wp:attachment":[{"href":"https:\/\/shop.caravaning-esguard.com\/ca\/wp-json\/wp\/v2\/media?parent=548"}],"wp:term":[{"taxonomy":"product_brand","embeddable":true,"href":"https:\/\/shop.caravaning-esguard.com\/ca\/wp-json\/wp\/v2\/product_brand?post=548"},{"taxonomy":"product_cat","embeddable":true,"href":"https:\/\/shop.caravaning-esguard.com\/ca\/wp-json\/wp\/v2\/product_cat?post=548"},{"taxonomy":"product_tag","embeddable":true,"href":"https:\/\/shop.caravaning-esguard.com\/ca\/wp-json\/wp\/v2\/product_tag?post=548"}],"curies":[{"name":"wp","href":"https:\/\/api.w.org\/{rel}","templated":true}]}}