{"id":588,"date":"2023-10-24T12:14:04","date_gmt":"2023-10-24T10:14:04","guid":{"rendered":"https:\/\/shop.caravaning-esguard.com\/product-category\/sample-product\/set-bateria-skipper-81-20-diam\/"},"modified":"2025-11-27T10:43:08","modified_gmt":"2025-11-27T09:43:08","slug":"skipper-81-bateria-de-tambors-de-20-polzades","status":"publish","type":"product","link":"https:\/\/shop.caravaning-esguard.com\/ca\/product-category\/sample-product\/set-bateria-skipper-81-20-diam\/","title":{"rendered":"SKIPPER 8+1 20 DIAM DRUM SET"},"content":{"rendered":"<p>Les aixetes de cuina consisteixen en:<\/p>\n<p>1 cassola, 20 cm de di\u00e0metre \u2013 4 litres<br \/>\n1 cassola, 18 cm de di\u00e0metre \u2013 2 litres<br \/>\n1 cassola, 14 cm de di\u00e0metre \u2013 1 litre<br \/>\n1 cassola, 20 cm de di\u00e0metre \u2013 1 litre<br \/>\n1 cassola, 18 cm de di\u00e0metre \u2013 1 litre<br \/>\n1x tapa \/ colador, \u00d8 20 cm<br \/>\n1 tapa, \u00d8 18 cm<br \/>\n1x pin\u00e7a extra\u00efble<br \/>\n1 Tapa \u00d8 20 cm<br \/>\n1 Tapa \u00d8 16 cm<br \/>\n1 abra\u00e7adora desmuntable<\/p>","protected":false},"excerpt":{"rendered":"<p>Baterias de cocina compone de: 1x Olla \u00d8 20 cm &#8211; 4 lt 1x Olla \u00d8 18 cm &#8211; 2 lt 1x Olla \u00d8 14 cm &#8211; 1 lt 1x Olla \u00d8 20 cm &#8211; 1 lt 1x Olla \u00d8 18 cm &#8211; 1 lt 1x Tapa \/ Escurridor \u00d8 20 cm 1x Tapa \u00d8<br \/><a class=\"moretag\" href=\"https:\/\/shop.caravaning-esguard.com\/ca\/product-category\/sample-product\/set-bateria-skipper-81-20-diam\/\">+ Llegeix m\u00e9s<\/a><\/p>","protected":false},"featured_media":1062,"template":"","meta":[],"product_brand":[],"product_cat":[152],"product_tag":[],"class_list":{"0":"post-588","1":"product","2":"type-product","3":"status-publish","4":"has-post-thumbnail","6":"product_cat-menaje","8":"first","9":"outofstock","10":"taxable","11":"shipping-taxable","12":"purchasable","13":"product-type-simple"},"yoast_head":"<!-- This site is optimized with the Yoast SEO plugin v27.6 - https:\/\/yoast.com\/product\/yoast-seo-wordpress\/ -->\n<title>SET BATERIA SKIPPER 8+1 20 DIAM - Caravaning Esguard<\/title>\n<meta name=\"robots\" content=\"index, follow, max-snippet:-1, max-image-preview:large, max-video-preview:-1\" \/>\n<link rel=\"canonical\" href=\"https:\/\/shop.caravaning-esguard.com\/ca\/categoria-de-producte\/producte-de-mostra\/skipper-81-bateria-de-tambors-de-20-polzades\/\" \/>\n<meta property=\"og:locale\" content=\"ca_ES\" \/>\n<meta property=\"og:type\" content=\"article\" \/>\n<meta property=\"og:title\" content=\"SET BATERIA SKIPPER 8+1 20 DIAM - Caravaning Esguard\" \/>\n<meta property=\"og:description\" content=\"Baterias de cocina compone de: 1x Olla \u00d8 20 cm &#8211; 4 lt 1x Olla \u00d8 18 cm &#8211; 2 lt 1x Olla \u00d8 14 cm &#8211; 1 lt 1x Olla \u00d8 20 cm &#8211; 1 lt 1x Olla \u00d8 18 cm &#8211; 1 lt 1x Tapa \/ Escurridor \u00d8 20 cm 1x Tapa \u00d8+ Read More\" \/>\n<meta property=\"og:url\" content=\"https:\/\/shop.caravaning-esguard.com\/ca\/categoria-de-producte\/producte-de-mostra\/skipper-81-bateria-de-tambors-de-20-polzades\/\" \/>\n<meta property=\"og:site_name\" content=\"Caravaning Esguard\" \/>\n<meta property=\"article:publisher\" content=\"https:\/\/www.facebook.com\/caravaningesguard\/\" \/>\n<meta property=\"article:modified_time\" content=\"2025-11-27T09:43:08+00:00\" \/>\n<meta property=\"og:image\" content=\"https:\/\/shop.caravaning-esguard.com\/wp-content\/uploads\/2023\/10\/6036-2.jpg\" \/>\n\t<meta property=\"og:image:width\" content=\"640\" \/>\n\t<meta property=\"og:image:height\" content=\"375\" \/>\n\t<meta property=\"og:image:type\" content=\"image\/jpeg\" \/>\n<meta name=\"twitter:card\" content=\"summary_large_image\" \/>\n<script type=\"application\/ld+json\" class=\"yoast-schema-graph\">{\"@context\":\"https:\\\/\\\/schema.org\",\"@graph\":[{\"@type\":\"WebPage\",\"@id\":\"https:\\\/\\\/shop.caravaning-esguard.com\\\/product-category\\\/sample-product\\\/set-bateria-skipper-81-20-diam\\\/\",\"url\":\"https:\\\/\\\/shop.caravaning-esguard.com\\\/product-category\\\/sample-product\\\/set-bateria-skipper-81-20-diam\\\/\",\"name\":\"SET BATERIA SKIPPER 8+1 20 DIAM - Caravaning Esguard\",\"isPartOf\":{\"@id\":\"https:\\\/\\\/shop.caravaning-esguard.com\\\/#website\"},\"primaryImageOfPage\":{\"@id\":\"https:\\\/\\\/shop.caravaning-esguard.com\\\/product-category\\\/sample-product\\\/set-bateria-skipper-81-20-diam\\\/#primaryimage\"},\"image\":{\"@id\":\"https:\\\/\\\/shop.caravaning-esguard.com\\\/product-category\\\/sample-product\\\/set-bateria-skipper-81-20-diam\\\/#primaryimage\"},\"thumbnailUrl\":\"https:\\\/\\\/shop.caravaning-esguard.com\\\/wp-content\\\/uploads\\\/2023\\\/10\\\/6036-2.jpg\",\"datePublished\":\"2023-10-24T10:14:04+00:00\",\"dateModified\":\"2025-11-27T09:43:08+00:00\",\"breadcrumb\":{\"@id\":\"https:\\\/\\\/shop.caravaning-esguard.com\\\/product-category\\\/sample-product\\\/set-bateria-skipper-81-20-diam\\\/#breadcrumb\"},\"inLanguage\":\"ca\",\"potentialAction\":[{\"@type\":\"ReadAction\",\"target\":[\"https:\\\/\\\/shop.caravaning-esguard.com\\\/product-category\\\/sample-product\\\/set-bateria-skipper-81-20-diam\\\/\"]}]},{\"@type\":\"ImageObject\",\"inLanguage\":\"ca\",\"@id\":\"https:\\\/\\\/shop.caravaning-esguard.com\\\/product-category\\\/sample-product\\\/set-bateria-skipper-81-20-diam\\\/#primaryimage\",\"url\":\"https:\\\/\\\/shop.caravaning-esguard.com\\\/wp-content\\\/uploads\\\/2023\\\/10\\\/6036-2.jpg\",\"contentUrl\":\"https:\\\/\\\/shop.caravaning-esguard.com\\\/wp-content\\\/uploads\\\/2023\\\/10\\\/6036-2.jpg\",\"width\":640,\"height\":375},{\"@type\":\"BreadcrumbList\",\"@id\":\"https:\\\/\\\/shop.caravaning-esguard.com\\\/product-category\\\/sample-product\\\/set-bateria-skipper-81-20-diam\\\/#breadcrumb\",\"itemListElement\":[{\"@type\":\"ListItem\",\"position\":1,\"name\":\"Home\",\"item\":\"https:\\\/\\\/shop.caravaning-esguard.com\\\/\"},{\"@type\":\"ListItem\",\"position\":2,\"name\":\"Productos\",\"item\":\"https:\\\/\\\/shop.caravaning-esguard.com\\\/poductos\\\/\"},{\"@type\":\"ListItem\",\"position\":3,\"name\":\"SET BATERIA SKIPPER 8+1 20 DIAM\"}]},{\"@type\":\"WebSite\",\"@id\":\"https:\\\/\\\/shop.caravaning-esguard.com\\\/#website\",\"url\":\"https:\\\/\\\/shop.caravaning-esguard.com\\\/\",\"name\":\"Caravaning Esguard\",\"description\":\"Shop on line\",\"publisher\":{\"@id\":\"https:\\\/\\\/shop.caravaning-esguard.com\\\/#organization\"},\"potentialAction\":[{\"@type\":\"SearchAction\",\"target\":{\"@type\":\"EntryPoint\",\"urlTemplate\":\"https:\\\/\\\/shop.caravaning-esguard.com\\\/?s={search_term_string}\"},\"query-input\":{\"@type\":\"PropertyValueSpecification\",\"valueRequired\":true,\"valueName\":\"search_term_string\"}}],\"inLanguage\":\"ca\"},{\"@type\":\"Organization\",\"@id\":\"https:\\\/\\\/shop.caravaning-esguard.com\\\/#organization\",\"name\":\"Caravaning Esguard\",\"url\":\"https:\\\/\\\/shop.caravaning-esguard.com\\\/\",\"logo\":{\"@type\":\"ImageObject\",\"inLanguage\":\"ca\",\"@id\":\"https:\\\/\\\/shop.caravaning-esguard.com\\\/#\\\/schema\\\/logo\\\/image\\\/\",\"url\":\"https:\\\/\\\/shop.caravaning-esguard.com\\\/wp-content\\\/uploads\\\/2023\\\/09\\\/Accessorys-Camping-Santa-Cristina-dAro-Logo.png\",\"contentUrl\":\"https:\\\/\\\/shop.caravaning-esguard.com\\\/wp-content\\\/uploads\\\/2023\\\/09\\\/Accessorys-Camping-Santa-Cristina-dAro-Logo.png\",\"width\":228,\"height\":80,\"caption\":\"Caravaning Esguard\"},\"image\":{\"@id\":\"https:\\\/\\\/shop.caravaning-esguard.com\\\/#\\\/schema\\\/logo\\\/image\\\/\"},\"sameAs\":[\"https:\\\/\\\/www.facebook.com\\\/caravaningesguard\\\/\",\"https:\\\/\\\/www.instagram.com\\\/caravaningesguard\\\/\"]}]}<\/script>\n<!-- \/ Yoast SEO plugin. -->","yoast_head_json":{"title":"SKIPPER 8+1 Joc de rodes de 20 polzades - Caravaning Esguard","robots":{"index":"index","follow":"follow","max-snippet":"max-snippet:-1","max-image-preview":"max-image-preview:large","max-video-preview":"max-video-preview:-1"},"canonical":"https:\/\/shop.caravaning-esguard.com\/ca\/categoria-de-producte\/producte-de-mostra\/skipper-81-bateria-de-tambors-de-20-polzades\/","og_locale":"ca_ES","og_type":"article","og_title":"SET BATERIA SKIPPER 8+1 20 DIAM - Caravaning Esguard","og_description":"Baterias de cocina compone de: 1x Olla \u00d8 20 cm &#8211; 4 lt 1x Olla \u00d8 18 cm &#8211; 2 lt 1x Olla \u00d8 14 cm &#8211; 1 lt 1x Olla \u00d8 20 cm &#8211; 1 lt 1x Olla \u00d8 18 cm &#8211; 1 lt 1x Tapa \/ Escurridor \u00d8 20 cm 1x Tapa \u00d8+ Read More","og_url":"https:\/\/shop.caravaning-esguard.com\/ca\/categoria-de-producte\/producte-de-mostra\/skipper-81-bateria-de-tambors-de-20-polzades\/","og_site_name":"Caravaning Esguard","article_publisher":"https:\/\/www.facebook.com\/caravaningesguard\/","article_modified_time":"2025-11-27T09:43:08+00:00","og_image":[{"width":640,"height":375,"url":"https:\/\/shop.caravaning-esguard.com\/wp-content\/uploads\/2023\/10\/6036-2.jpg","type":"image\/jpeg"}],"twitter_card":"summary_large_image","schema":{"@context":"https:\/\/schema.org","@graph":[{"@type":"WebPage","@id":"https:\/\/shop.caravaning-esguard.com\/product-category\/sample-product\/set-bateria-skipper-81-20-diam\/","url":"https:\/\/shop.caravaning-esguard.com\/product-category\/sample-product\/set-bateria-skipper-81-20-diam\/","name":"SKIPPER 8+1 Joc de rodes de 20 polzades - Caravaning Esguard","isPartOf":{"@id":"https:\/\/shop.caravaning-esguard.com\/#website"},"primaryImageOfPage":{"@id":"https:\/\/shop.caravaning-esguard.com\/product-category\/sample-product\/set-bateria-skipper-81-20-diam\/#primaryimage"},"image":{"@id":"https:\/\/shop.caravaning-esguard.com\/product-category\/sample-product\/set-bateria-skipper-81-20-diam\/#primaryimage"},"thumbnailUrl":"https:\/\/shop.caravaning-esguard.com\/wp-content\/uploads\/2023\/10\/6036-2.jpg","datePublished":"2023-10-24T10:14:04+00:00","dateModified":"2025-11-27T09:43:08+00:00","breadcrumb":{"@id":"https:\/\/shop.caravaning-esguard.com\/product-category\/sample-product\/set-bateria-skipper-81-20-diam\/#breadcrumb"},"inLanguage":"ca","potentialAction":[{"@type":"ReadAction","target":["https:\/\/shop.caravaning-esguard.com\/product-category\/sample-product\/set-bateria-skipper-81-20-diam\/"]}]},{"@type":"ImageObject","inLanguage":"ca","@id":"https:\/\/shop.caravaning-esguard.com\/product-category\/sample-product\/set-bateria-skipper-81-20-diam\/#primaryimage","url":"https:\/\/shop.caravaning-esguard.com\/wp-content\/uploads\/2023\/10\/6036-2.jpg","contentUrl":"https:\/\/shop.caravaning-esguard.com\/wp-content\/uploads\/2023\/10\/6036-2.jpg","width":640,"height":375},{"@type":"BreadcrumbList","@id":"https:\/\/shop.caravaning-esguard.com\/product-category\/sample-product\/set-bateria-skipper-81-20-diam\/#breadcrumb","itemListElement":[{"@type":"ListItem","position":1,"name":"Home","item":"https:\/\/shop.caravaning-esguard.com\/"},{"@type":"ListItem","position":2,"name":"Productos","item":"https:\/\/shop.caravaning-esguard.com\/poductos\/"},{"@type":"ListItem","position":3,"name":"SET BATERIA SKIPPER 8+1 20 DIAM"}]},{"@type":"WebSite","@id":"https:\/\/shop.caravaning-esguard.com\/#website","url":"https:\/\/shop.caravaning-esguard.com\/","name":"Caravaning Esguard","description":"Compra en l\u00ednia","publisher":{"@id":"https:\/\/shop.caravaning-esguard.com\/#organization"},"potentialAction":[{"@type":"SearchAction","target":{"@type":"EntryPoint","urlTemplate":"https:\/\/shop.caravaning-esguard.com\/?s={search_term_string}"},"query-input":{"@type":"PropertyValueSpecification","valueRequired":true,"valueName":"search_term_string"}}],"inLanguage":"ca"},{"@type":"Organization","@id":"https:\/\/shop.caravaning-esguard.com\/#organization","name":"Caravaning Esguard","url":"https:\/\/shop.caravaning-esguard.com\/","logo":{"@type":"ImageObject","inLanguage":"ca","@id":"https:\/\/shop.caravaning-esguard.com\/#\/schema\/logo\/image\/","url":"https:\/\/shop.caravaning-esguard.com\/wp-content\/uploads\/2023\/09\/Accessorys-Camping-Santa-Cristina-dAro-Logo.png","contentUrl":"https:\/\/shop.caravaning-esguard.com\/wp-content\/uploads\/2023\/09\/Accessorys-Camping-Santa-Cristina-dAro-Logo.png","width":228,"height":80,"caption":"Caravaning Esguard"},"image":{"@id":"https:\/\/shop.caravaning-esguard.com\/#\/schema\/logo\/image\/"},"sameAs":["https:\/\/www.facebook.com\/caravaningesguard\/","https:\/\/www.instagram.com\/caravaningesguard\/"]}]}},"_links":{"self":[{"href":"https:\/\/shop.caravaning-esguard.com\/ca\/wp-json\/wp\/v2\/product\/588","targetHints":{"allow":["GET"]}}],"collection":[{"href":"https:\/\/shop.caravaning-esguard.com\/ca\/wp-json\/wp\/v2\/product"}],"about":[{"href":"https:\/\/shop.caravaning-esguard.com\/ca\/wp-json\/wp\/v2\/types\/product"}],"version-history":[{"count":0,"href":"https:\/\/shop.caravaning-esguard.com\/ca\/wp-json\/wp\/v2\/product\/588\/revisions"}],"wp:featuredmedia":[{"embeddable":true,"href":"https:\/\/shop.caravaning-esguard.com\/ca\/wp-json\/wp\/v2\/media\/1062"}],"wp:attachment":[{"href":"https:\/\/shop.caravaning-esguard.com\/ca\/wp-json\/wp\/v2\/media?parent=588"}],"wp:term":[{"taxonomy":"product_brand","embeddable":true,"href":"https:\/\/shop.caravaning-esguard.com\/ca\/wp-json\/wp\/v2\/product_brand?post=588"},{"taxonomy":"product_cat","embeddable":true,"href":"https:\/\/shop.caravaning-esguard.com\/ca\/wp-json\/wp\/v2\/product_cat?post=588"},{"taxonomy":"product_tag","embeddable":true,"href":"https:\/\/shop.caravaning-esguard.com\/ca\/wp-json\/wp\/v2\/product_tag?post=588"}],"curies":[{"name":"wp","href":"https:\/\/api.w.org\/{rel}","templated":true}]}}